{"id":1558,"date":"2021-02-07T12:12:32","date_gmt":"2021-02-07T12:12:32","guid":{"rendered":"https:\/\/fill-package.com\/?page_id=1558"},"modified":"2026-02-11T10:25:13","modified_gmt":"2026-02-11T10:25:13","slug":"multihead-weighers-for-sticky-products","status":"publish","type":"page","link":"https:\/\/fill-package.com\/tr\/multihead-weighers","title":{"rendered":"\u00c7ok Kafal\u0131 Tart\u0131c\u0131lar"},"content":{"rendered":"","protected":false},"excerpt":{"rendered":"","protected":false},"author":1,"featured_media":0,"parent":0,"menu_order":0,"comment_status":"closed","ping_status":"closed","template":"product-category3.php","meta":{"site-sidebar-layout":"default","site-content-layout":"page-builder","ast-site-content-layout":"full-width-container","site-content-style":"unboxed","site-sidebar-style":"unboxed","ast-global-header-display":"","ast-banner-title-visibility":"","ast-main-header-display":"","ast-hfb-above-header-display":"","ast-hfb-below-header-display":"","ast-hfb-mobile-header-display":"","site-post-title":"","ast-breadcrumbs-content":"disabled","ast-featured-img":"","footer-sml-layout":"","ast-disable-related-posts":"","theme-transparent-header-meta":"default","adv-header-id-meta":"","stick-header-meta":"default","header-above-stick-meta":"","header-main-stick-meta":"","header-below-stick-meta":"","astra-migrate-meta-layouts":"set","ast-page-background-enabled":"default","ast-page-background-meta":{"desktop":{"background-color":"","background-image":"","background-repeat":"repeat","background-position":"center center","background-size":"auto","background-attachment":"scroll","background-type":"","background-media":"","overlay-type":"","overlay-color":"","overlay-opacity":"","overlay-gradient":""},"tablet":{"background-color":"","background-image":"","background-repeat":"repeat","background-position":"center center","background-size":"auto","background-attachment":"scroll","background-type":"","background-media":"","overlay-type":"","overlay-color":"","overlay-opacity":"","overlay-gradient":""},"mobile":{"background-color":"","background-image":"","background-repeat":"repeat","background-position":"center center","background-size":"auto","background-attachment":"scroll","background-type":"","background-media":"","overlay-type":"","overlay-color":"","overlay-opacity":"","overlay-gradient":""}},"ast-content-background-meta":{"desktop":{"background-color":"var(--ast-global-color-5)","background-image":"","background-repeat":"repeat","background-position":"center center","background-size":"auto","background-attachment":"scroll","background-type":"","background-media":"","overlay-type":"","overlay-color":"","overlay-opacity":"","overlay-gradient":""},"tablet":{"background-color":"var(--ast-global-color-5)","background-image":"","background-repeat":"repeat","background-position":"center center","background-size":"auto","background-attachment":"scroll","background-type":"","background-media":"","overlay-type":"","overlay-color":"","overlay-opacity":"","overlay-gradient":""},"mobile":{"background-color":"var(--ast-global-color-5)","background-image":"","background-repeat":"repeat","background-position":"center center","background-size":"auto","background-attachment":"scroll","background-type":"","background-media":"","overlay-type":"","overlay-color":"","overlay-opacity":"","overlay-gradient":""}},"footnotes":""},"class_list":["post-1558","page","type-page","status-publish","hentry"],"acf":[],"yoast_head":"<!-- This site is optimized with the Yoast SEO plugin v27.3 - https:\/\/yoast.com\/product\/yoast-seo-wordpress\/ -->\n<title>Multihead Weigher | Combination Weigher for Sticky &amp; Oil Food<\/title>\n<meta name=\"description\" content=\"Discover Fill Package&#039;s advanced multihead weigher and combination weigher solutions. Our multi head weigher systems, including models with screw feeders, are engineered for precision, speed, and handling difficult products like sticky foods. Get a custom weigher for your packaging line.\" \/>\n<meta name=\"robots\" content=\"index, follow, max-snippet:-1, max-image-preview:large, max-video-preview:-1\" \/>\n<link rel=\"canonical\" href=\"https:\/\/fill-package.com\/tr\/cok-basli-tarti-makineleri\/\" \/>\n<meta property=\"og:locale\" content=\"tr_TR\" \/>\n<meta property=\"og:type\" content=\"article\" \/>\n<meta property=\"og:title\" content=\"Multihead Weigher | Combination Weigher for Sticky &amp; Oil Food\" \/>\n<meta property=\"og:description\" content=\"Discover Fill Package&#039;s advanced multihead weigher and combination weigher solutions. Our multi head weigher systems, including models with screw feeders, are engineered for precision, speed, and handling difficult products like sticky foods. Get a custom weigher for your packaging line.\" \/>\n<meta property=\"og:url\" content=\"https:\/\/fill-package.com\/tr\/cok-basli-tarti-makineleri\/\" \/>\n<meta property=\"og:site_name\" content=\"Fill&amp;Package\" \/>\n<meta property=\"article:modified_time\" content=\"2026-02-11T10:25:13+00:00\" \/>\n<meta name=\"twitter:card\" content=\"summary_large_image\" \/>\n<script type=\"application\/ld+json\" class=\"yoast-schema-graph\">{\"@context\":\"https:\\\/\\\/schema.org\",\"@graph\":[{\"@type\":\"WebPage\",\"@id\":\"https:\\\/\\\/fill-package.com\\\/multihead-weighers\\\/\",\"url\":\"https:\\\/\\\/fill-package.com\\\/multihead-weighers\\\/\",\"name\":\"Multihead Weigher | Combination Weigher for Sticky & Oil Food\",\"isPartOf\":{\"@id\":\"https:\\\/\\\/fill-package.com\\\/#website\"},\"datePublished\":\"2021-02-07T12:12:32+00:00\",\"dateModified\":\"2026-02-11T10:25:13+00:00\",\"description\":\"Discover Fill Package's advanced multihead weigher and combination weigher solutions. Our multi head weigher systems, including models with screw feeders, are engineered for precision, speed, and handling difficult products like sticky foods. Get a custom weigher for your packaging line.\",\"breadcrumb\":{\"@id\":\"https:\\\/\\\/fill-package.com\\\/multihead-weighers\\\/#breadcrumb\"},\"inLanguage\":\"tr\",\"potentialAction\":[{\"@type\":\"ReadAction\",\"target\":[\"https:\\\/\\\/fill-package.com\\\/multihead-weighers\\\/\"]}]},{\"@type\":\"BreadcrumbList\",\"@id\":\"https:\\\/\\\/fill-package.com\\\/multihead-weighers\\\/#breadcrumb\",\"itemListElement\":[{\"@type\":\"ListItem\",\"position\":1,\"name\":\"Home\",\"item\":\"https:\\\/\\\/fill-package.com\\\/\"},{\"@type\":\"ListItem\",\"position\":2,\"name\":\"Multihead Weighers\"}]},{\"@type\":\"WebSite\",\"@id\":\"https:\\\/\\\/fill-package.com\\\/#website\",\"url\":\"https:\\\/\\\/fill-package.com\\\/\",\"name\":\"Fill&amp;Package\",\"description\":\"\",\"potentialAction\":[{\"@type\":\"SearchAction\",\"target\":{\"@type\":\"EntryPoint\",\"urlTemplate\":\"https:\\\/\\\/fill-package.com\\\/?s={search_term_string}\"},\"query-input\":{\"@type\":\"PropertyValueSpecification\",\"valueRequired\":true,\"valueName\":\"search_term_string\"}}],\"inLanguage\":\"tr\"}]}<\/script>\n<!-- \/ Yoast SEO plugin. -->","yoast_head_json":{"title":"Multihead Weigher | Combination Weigher for Sticky & Oil Food","description":"Fill Package&#039;\u0131n geli\u015fmi\u015f \u00e7ok ba\u015fl\u0131kl\u0131 terazi ve kombinasyonlu terazi \u00e7\u00f6z\u00fcmlerini ke\u015ffedin. Vidal\u0131 besleyicili modeller de dahil olmak \u00fczere \u00e7ok ba\u015fl\u0131kl\u0131 terazi sistemlerimiz, hassasiyet, h\u0131z ve yap\u0131\u015fkan g\u0131dalar gibi zorlu \u00fcr\u00fcnlerin i\u015flenmesi i\u00e7in tasarlanm\u0131\u015ft\u0131r. Paketleme hatt\u0131n\u0131z i\u00e7in \u00f6zel bir terazi edinin.","robots":{"index":"index","follow":"follow","max-snippet":"max-snippet:-1","max-image-preview":"max-image-preview:large","max-video-preview":"max-video-preview:-1"},"canonical":"https:\/\/fill-package.com\/tr\/cok-basli-tarti-makineleri\/","og_locale":"tr_TR","og_type":"article","og_title":"Multihead Weigher | Combination Weigher for Sticky & Oil Food","og_description":"Discover Fill Package's advanced multihead weigher and combination weigher solutions. Our multi head weigher systems, including models with screw feeders, are engineered for precision, speed, and handling difficult products like sticky foods. Get a custom weigher for your packaging line.","og_url":"https:\/\/fill-package.com\/tr\/cok-basli-tarti-makineleri\/","og_site_name":"Fill&amp;Package","article_modified_time":"2026-02-11T10:25:13+00:00","twitter_card":"summary_large_image","schema":{"@context":"https:\/\/schema.org","@graph":[{"@type":"WebPage","@id":"https:\/\/fill-package.com\/multihead-weighers\/","url":"https:\/\/fill-package.com\/multihead-weighers\/","name":"Multihead Weigher | Combination Weigher for Sticky & Oil Food","isPartOf":{"@id":"https:\/\/fill-package.com\/#website"},"datePublished":"2021-02-07T12:12:32+00:00","dateModified":"2026-02-11T10:25:13+00:00","description":"Fill Package&#039;\u0131n geli\u015fmi\u015f \u00e7ok ba\u015fl\u0131kl\u0131 terazi ve kombinasyonlu terazi \u00e7\u00f6z\u00fcmlerini ke\u015ffedin. Vidal\u0131 besleyicili modeller de dahil olmak \u00fczere \u00e7ok ba\u015fl\u0131kl\u0131 terazi sistemlerimiz, hassasiyet, h\u0131z ve yap\u0131\u015fkan g\u0131dalar gibi zorlu \u00fcr\u00fcnlerin i\u015flenmesi i\u00e7in tasarlanm\u0131\u015ft\u0131r. Paketleme hatt\u0131n\u0131z i\u00e7in \u00f6zel bir terazi edinin.","breadcrumb":{"@id":"https:\/\/fill-package.com\/multihead-weighers\/#breadcrumb"},"inLanguage":"tr","potentialAction":[{"@type":"ReadAction","target":["https:\/\/fill-package.com\/multihead-weighers\/"]}]},{"@type":"BreadcrumbList","@id":"https:\/\/fill-package.com\/multihead-weighers\/#breadcrumb","itemListElement":[{"@type":"ListItem","position":1,"name":"Home","item":"https:\/\/fill-package.com\/"},{"@type":"ListItem","position":2,"name":"Multihead Weighers"}]},{"@type":"WebSite","@id":"https:\/\/fill-package.com\/#website","url":"https:\/\/fill-package.com\/","name":"Doldur ve Paketle","description":"","potentialAction":[{"@type":"SearchAction","target":{"@type":"EntryPoint","urlTemplate":"https:\/\/fill-package.com\/?s={search_term_string}"},"query-input":{"@type":"PropertyValueSpecification","valueRequired":true,"valueName":"search_term_string"}}],"inLanguage":"tr"}]}},"_links":{"self":[{"href":"https:\/\/fill-package.com\/tr\/wp-json\/wp\/v2\/pages\/1558","targetHints":{"allow":["GET"]}}],"collection":[{"href":"https:\/\/fill-package.com\/tr\/wp-json\/wp\/v2\/pages"}],"about":[{"href":"https:\/\/fill-package.com\/tr\/wp-json\/wp\/v2\/types\/page"}],"author":[{"embeddable":true,"href":"https:\/\/fill-package.com\/tr\/wp-json\/wp\/v2\/users\/1"}],"replies":[{"embeddable":true,"href":"https:\/\/fill-package.com\/tr\/wp-json\/wp\/v2\/comments?post=1558"}],"version-history":[{"count":316,"href":"https:\/\/fill-package.com\/tr\/wp-json\/wp\/v2\/pages\/1558\/revisions"}],"predecessor-version":[{"id":11871,"href":"https:\/\/fill-package.com\/tr\/wp-json\/wp\/v2\/pages\/1558\/revisions\/11871"}],"wp:attachment":[{"href":"https:\/\/fill-package.com\/tr\/wp-json\/wp\/v2\/media?parent=1558"}],"curies":[{"name":"wp","href":"https:\/\/api.w.org\/{rel}","templated":true}]}}