{"id":11452,"date":"2025-12-10T10:16:46","date_gmt":"2025-12-10T10:16:46","guid":{"rendered":"https:\/\/fill-package.com\/?page_id=11452"},"modified":"2025-12-12T04:15:18","modified_gmt":"2025-12-12T04:15:18","slug":"triger-kayisi","status":"publish","type":"page","link":"https:\/\/fill-package.com\/tr\/timing-belt\/","title":{"rendered":"Zamanlama Kay\u0131\u015f\u0131"},"content":{"rendered":"","protected":false},"excerpt":{"rendered":"","protected":false},"author":1,"featured_media":0,"parent":0,"menu_order":0,"comment_status":"closed","ping_status":"closed","template":"product-category3.php","meta":{"site-sidebar-layout":"default","site-content-layout":"page-builder","ast-site-content-layout":"full-width-container","site-content-style":"unboxed","site-sidebar-style":"unboxed","ast-global-header-display":"","ast-banner-title-visibility":"","ast-main-header-display":"","ast-hfb-above-header-display":"","ast-hfb-below-header-display":"","ast-hfb-mobile-header-display":"","site-post-title":"","ast-breadcrumbs-content":"disabled","ast-featured-img":"","footer-sml-layout":"","ast-disable-related-posts":"","theme-transparent-header-meta":"default","adv-header-id-meta":"","stick-header-meta":"default","header-above-stick-meta":"","header-main-stick-meta":"","header-below-stick-meta":"","astra-migrate-meta-layouts":"set","ast-page-background-enabled":"default","ast-page-background-meta":{"desktop":{"background-color":"","background-image":"","background-repeat":"repeat","background-position":"center center","background-size":"auto","background-attachment":"scroll","background-type":"","background-media":"","overlay-type":"","overlay-color":"","overlay-opacity":"","overlay-gradient":""},"tablet":{"background-color":"","background-image":"","background-repeat":"repeat","background-position":"center center","background-size":"auto","background-attachment":"scroll","background-type":"","background-media":"","overlay-type":"","overlay-color":"","overlay-opacity":"","overlay-gradient":""},"mobile":{"background-color":"","background-image":"","background-repeat":"repeat","background-position":"center center","background-size":"auto","background-attachment":"scroll","background-type":"","background-media":"","overlay-type":"","overlay-color":"","overlay-opacity":"","overlay-gradient":""}},"ast-content-background-meta":{"desktop":{"background-color":"var(--ast-global-color-5)","background-image":"","background-repeat":"repeat","background-position":"center center","background-size":"auto","background-attachment":"scroll","background-type":"","background-media":"","overlay-type":"","overlay-color":"","overlay-opacity":"","overlay-gradient":""},"tablet":{"background-color":"var(--ast-global-color-5)","background-image":"","background-repeat":"repeat","background-position":"center center","background-size":"auto","background-attachment":"scroll","background-type":"","background-media":"","overlay-type":"","overlay-color":"","overlay-opacity":"","overlay-gradient":""},"mobile":{"background-color":"var(--ast-global-color-5)","background-image":"","background-repeat":"repeat","background-position":"center center","background-size":"auto","background-attachment":"scroll","background-type":"","background-media":"","overlay-type":"","overlay-color":"","overlay-opacity":"","overlay-gradient":""}},"footnotes":""},"class_list":["post-11452","page","type-page","status-publish","hentry"],"acf":[],"yoast_head":"<!-- This site is optimized with the Yoast SEO plugin v27.3 - https:\/\/yoast.com\/product\/yoast-seo-wordpress\/ -->\n<title>VFFS Machine Timing Belt \/ Film Pulling Belt | Solves Slipping &amp; Tracking Issues<\/title>\n<meta name=\"description\" content=\"B2B supplier of VFFS packaging machine timing belts (film pulling belts). Available in HTD\/trapezoidal tooth, with standard black or high-friction red coating. Expertly solves film slipping, inaccurate length, and tracking problems. Compatible with Songchuan ZL220, Ruiji Jinhong RL420, and more. Customization available.\" \/>\n<meta name=\"robots\" content=\"index, follow, max-snippet:-1, max-image-preview:large, max-video-preview:-1\" \/>\n<link rel=\"canonical\" href=\"https:\/\/fill-package.com\/tr\/triger-kayisi\/\" \/>\n<meta property=\"og:locale\" content=\"tr_TR\" \/>\n<meta property=\"og:type\" content=\"article\" \/>\n<meta property=\"og:title\" content=\"VFFS Machine Timing Belt \/ Film Pulling Belt | Solves Slipping &amp; Tracking Issues\" \/>\n<meta property=\"og:description\" content=\"B2B supplier of VFFS packaging machine timing belts (film pulling belts). Available in HTD\/trapezoidal tooth, with standard black or high-friction red coating. Expertly solves film slipping, inaccurate length, and tracking problems. Compatible with Songchuan ZL220, Ruiji Jinhong RL420, and more. Customization available.\" \/>\n<meta property=\"og:url\" content=\"https:\/\/fill-package.com\/tr\/triger-kayisi\/\" \/>\n<meta property=\"og:site_name\" content=\"Fill&amp;Package\" \/>\n<meta property=\"article:modified_time\" content=\"2025-12-12T04:15:18+00:00\" \/>\n<meta name=\"twitter:card\" content=\"summary_large_image\" \/>\n<script type=\"application\/ld+json\" class=\"yoast-schema-graph\">{\"@context\":\"https:\\\/\\\/schema.org\",\"@graph\":[{\"@type\":\"WebPage\",\"@id\":\"https:\\\/\\\/fill-package.com\\\/timing-belt\\\/\",\"url\":\"https:\\\/\\\/fill-package.com\\\/timing-belt\\\/\",\"name\":\"VFFS Machine Timing Belt \\\/ Film Pulling Belt | Solves Slipping & Tracking Issues\",\"isPartOf\":{\"@id\":\"https:\\\/\\\/fill-package.com\\\/#website\"},\"datePublished\":\"2025-12-10T10:16:46+00:00\",\"dateModified\":\"2025-12-12T04:15:18+00:00\",\"description\":\"B2B supplier of VFFS packaging machine timing belts (film pulling belts). Available in HTD\\\/trapezoidal tooth, with standard black or high-friction red coating. Expertly solves film slipping, inaccurate length, and tracking problems. Compatible with Songchuan ZL220, Ruiji Jinhong RL420, and more. Customization available.\",\"breadcrumb\":{\"@id\":\"https:\\\/\\\/fill-package.com\\\/timing-belt\\\/#breadcrumb\"},\"inLanguage\":\"tr\",\"potentialAction\":[{\"@type\":\"ReadAction\",\"target\":[\"https:\\\/\\\/fill-package.com\\\/timing-belt\\\/\"]}]},{\"@type\":\"BreadcrumbList\",\"@id\":\"https:\\\/\\\/fill-package.com\\\/timing-belt\\\/#breadcrumb\",\"itemListElement\":[{\"@type\":\"ListItem\",\"position\":1,\"name\":\"Home\",\"item\":\"https:\\\/\\\/fill-package.com\\\/\"},{\"@type\":\"ListItem\",\"position\":2,\"name\":\"Timing Belt\"}]},{\"@type\":\"WebSite\",\"@id\":\"https:\\\/\\\/fill-package.com\\\/#website\",\"url\":\"https:\\\/\\\/fill-package.com\\\/\",\"name\":\"Fill&amp;Package\",\"description\":\"\",\"potentialAction\":[{\"@type\":\"SearchAction\",\"target\":{\"@type\":\"EntryPoint\",\"urlTemplate\":\"https:\\\/\\\/fill-package.com\\\/?s={search_term_string}\"},\"query-input\":{\"@type\":\"PropertyValueSpecification\",\"valueRequired\":true,\"valueName\":\"search_term_string\"}}],\"inLanguage\":\"tr\"}]}<\/script>\n<!-- \/ Yoast SEO plugin. -->","yoast_head_json":{"title":"VFFS Makinesi Zamanlama Kay\u0131\u015f\u0131 \/ Film \u00c7ekme Kay\u0131\u015f\u0131 | Kayma ve \u0130zleme Sorunlar\u0131n\u0131 \u00c7\u00f6z\u00fcyor","description":"VFFS paketleme makineleri i\u00e7in zamanlama kay\u0131\u015flar\u0131 (film \u00e7ekme kay\u0131\u015flar\u0131) konusunda B2B tedarik\u00e7isi. Standart siyah veya y\u00fcksek s\u00fcrt\u00fcnmeli k\u0131rm\u0131z\u0131 kaplamal\u0131, HTD\/trapezoidal di\u015fli olarak mevcuttur. Film kaymas\u0131, yanl\u0131\u015f uzunluk ve izleme sorunlar\u0131n\u0131 uzmanl\u0131kla \u00e7\u00f6zer. Songchuan ZL220, Ruiji Jinhong RL420 ve daha fazlas\u0131yla uyumludur. \u00d6zelle\u015ftirme se\u00e7enekleri mevcuttur.","robots":{"index":"index","follow":"follow","max-snippet":"max-snippet:-1","max-image-preview":"max-image-preview:large","max-video-preview":"max-video-preview:-1"},"canonical":"https:\/\/fill-package.com\/tr\/triger-kayisi\/","og_locale":"tr_TR","og_type":"article","og_title":"VFFS Machine Timing Belt \/ Film Pulling Belt | Solves Slipping & Tracking Issues","og_description":"B2B supplier of VFFS packaging machine timing belts (film pulling belts). Available in HTD\/trapezoidal tooth, with standard black or high-friction red coating. Expertly solves film slipping, inaccurate length, and tracking problems. Compatible with Songchuan ZL220, Ruiji Jinhong RL420, and more. Customization available.","og_url":"https:\/\/fill-package.com\/tr\/triger-kayisi\/","og_site_name":"Fill&amp;Package","article_modified_time":"2025-12-12T04:15:18+00:00","twitter_card":"summary_large_image","schema":{"@context":"https:\/\/schema.org","@graph":[{"@type":"WebPage","@id":"https:\/\/fill-package.com\/timing-belt\/","url":"https:\/\/fill-package.com\/timing-belt\/","name":"VFFS Makinesi Zamanlama Kay\u0131\u015f\u0131 \/ Film \u00c7ekme Kay\u0131\u015f\u0131 | Kayma ve \u0130zleme Sorunlar\u0131n\u0131 \u00c7\u00f6z\u00fcyor","isPartOf":{"@id":"https:\/\/fill-package.com\/#website"},"datePublished":"2025-12-10T10:16:46+00:00","dateModified":"2025-12-12T04:15:18+00:00","description":"VFFS paketleme makineleri i\u00e7in zamanlama kay\u0131\u015flar\u0131 (film \u00e7ekme kay\u0131\u015flar\u0131) konusunda B2B tedarik\u00e7isi. Standart siyah veya y\u00fcksek s\u00fcrt\u00fcnmeli k\u0131rm\u0131z\u0131 kaplamal\u0131, HTD\/trapezoidal di\u015fli olarak mevcuttur. Film kaymas\u0131, yanl\u0131\u015f uzunluk ve izleme sorunlar\u0131n\u0131 uzmanl\u0131kla \u00e7\u00f6zer. Songchuan ZL220, Ruiji Jinhong RL420 ve daha fazlas\u0131yla uyumludur. \u00d6zelle\u015ftirme se\u00e7enekleri mevcuttur.","breadcrumb":{"@id":"https:\/\/fill-package.com\/timing-belt\/#breadcrumb"},"inLanguage":"tr","potentialAction":[{"@type":"ReadAction","target":["https:\/\/fill-package.com\/timing-belt\/"]}]},{"@type":"BreadcrumbList","@id":"https:\/\/fill-package.com\/timing-belt\/#breadcrumb","itemListElement":[{"@type":"ListItem","position":1,"name":"Home","item":"https:\/\/fill-package.com\/"},{"@type":"ListItem","position":2,"name":"Timing Belt"}]},{"@type":"WebSite","@id":"https:\/\/fill-package.com\/#website","url":"https:\/\/fill-package.com\/","name":"Doldur ve Paketle","description":"","potentialAction":[{"@type":"SearchAction","target":{"@type":"EntryPoint","urlTemplate":"https:\/\/fill-package.com\/?s={search_term_string}"},"query-input":{"@type":"PropertyValueSpecification","valueRequired":true,"valueName":"search_term_string"}}],"inLanguage":"tr"}]}},"_links":{"self":[{"href":"https:\/\/fill-package.com\/tr\/wp-json\/wp\/v2\/pages\/11452","targetHints":{"allow":["GET"]}}],"collection":[{"href":"https:\/\/fill-package.com\/tr\/wp-json\/wp\/v2\/pages"}],"about":[{"href":"https:\/\/fill-package.com\/tr\/wp-json\/wp\/v2\/types\/page"}],"author":[{"embeddable":true,"href":"https:\/\/fill-package.com\/tr\/wp-json\/wp\/v2\/users\/1"}],"replies":[{"embeddable":true,"href":"https:\/\/fill-package.com\/tr\/wp-json\/wp\/v2\/comments?post=11452"}],"version-history":[{"count":18,"href":"https:\/\/fill-package.com\/tr\/wp-json\/wp\/v2\/pages\/11452\/revisions"}],"predecessor-version":[{"id":11597,"href":"https:\/\/fill-package.com\/tr\/wp-json\/wp\/v2\/pages\/11452\/revisions\/11597"}],"wp:attachment":[{"href":"https:\/\/fill-package.com\/tr\/wp-json\/wp\/v2\/media?parent=11452"}],"curies":[{"name":"wp","href":"https:\/\/api.w.org\/{rel}","templated":true}]}}