{"id":11424,"date":"2025-12-08T09:11:04","date_gmt":"2025-12-08T09:11:04","guid":{"rendered":"https:\/\/fill-package.com\/?page_id=11424"},"modified":"2025-12-12T04:19:34","modified_gmt":"2025-12-12T04:19:34","slug":"sealing-jaw-holder","status":"publish","type":"page","link":"https:\/\/fill-package.com\/tr\/sealig-jaw-holder\/","title":{"rendered":"S\u0131zd\u0131rmazl\u0131k \u00c7enesi Tutucu"},"content":{"rendered":"","protected":false},"excerpt":{"rendered":"","protected":false},"author":1,"featured_media":0,"parent":0,"menu_order":0,"comment_status":"closed","ping_status":"closed","template":"product-category3.php","meta":{"site-sidebar-layout":"default","site-content-layout":"page-builder","ast-site-content-layout":"full-width-container","site-content-style":"unboxed","site-sidebar-style":"unboxed","ast-global-header-display":"","ast-banner-title-visibility":"","ast-main-header-display":"","ast-hfb-above-header-display":"","ast-hfb-below-header-display":"","ast-hfb-mobile-header-display":"","site-post-title":"","ast-breadcrumbs-content":"disabled","ast-featured-img":"","footer-sml-layout":"","ast-disable-related-posts":"","theme-transparent-header-meta":"default","adv-header-id-meta":"","stick-header-meta":"default","header-above-stick-meta":"","header-main-stick-meta":"","header-below-stick-meta":"","astra-migrate-meta-layouts":"set","ast-page-background-enabled":"default","ast-page-background-meta":{"desktop":{"background-color":"","background-image":"","background-repeat":"repeat","background-position":"center center","background-size":"auto","background-attachment":"scroll","background-type":"","background-media":"","overlay-type":"","overlay-color":"","overlay-opacity":"","overlay-gradient":""},"tablet":{"background-color":"","background-image":"","background-repeat":"repeat","background-position":"center center","background-size":"auto","background-attachment":"scroll","background-type":"","background-media":"","overlay-type":"","overlay-color":"","overlay-opacity":"","overlay-gradient":""},"mobile":{"background-color":"","background-image":"","background-repeat":"repeat","background-position":"center center","background-size":"auto","background-attachment":"scroll","background-type":"","background-media":"","overlay-type":"","overlay-color":"","overlay-opacity":"","overlay-gradient":""}},"ast-content-background-meta":{"desktop":{"background-color":"var(--ast-global-color-5)","background-image":"","background-repeat":"repeat","background-position":"center center","background-size":"auto","background-attachment":"scroll","background-type":"","background-media":"","overlay-type":"","overlay-color":"","overlay-opacity":"","overlay-gradient":""},"tablet":{"background-color":"var(--ast-global-color-5)","background-image":"","background-repeat":"repeat","background-position":"center center","background-size":"auto","background-attachment":"scroll","background-type":"","background-media":"","overlay-type":"","overlay-color":"","overlay-opacity":"","overlay-gradient":""},"mobile":{"background-color":"var(--ast-global-color-5)","background-image":"","background-repeat":"repeat","background-position":"center center","background-size":"auto","background-attachment":"scroll","background-type":"","background-media":"","overlay-type":"","overlay-color":"","overlay-opacity":"","overlay-gradient":""}},"footnotes":""},"class_list":["post-11424","page","type-page","status-publish","hentry"],"acf":[],"yoast_head":"<!-- This site is optimized with the Yoast SEO plugin v27.3 - https:\/\/yoast.com\/product\/yoast-seo-wordpress\/ -->\n<title>Model 320 VFFS Sealing Jaw Holder | Fix Seal Misalignment &amp; Pressure Issues<\/title>\n<meta name=\"description\" content=\"B2B supplier of Model 320 universal Pneumatic Sealing Jaw Holders. Available in iron, aluminum, and steel to solve issues like inconsistent sealing pressure, misalignment, and low speed caused by a worn Jaw Mounting Bracket. Compatible with horizontal\/vertical jaws. Customization available.\" \/>\n<meta name=\"robots\" content=\"index, follow, max-snippet:-1, max-image-preview:large, max-video-preview:-1\" \/>\n<link rel=\"canonical\" href=\"https:\/\/fill-package.com\/tr\/sealig-cene-tutucu\/\" \/>\n<meta property=\"og:locale\" content=\"tr_TR\" \/>\n<meta property=\"og:type\" content=\"article\" \/>\n<meta property=\"og:title\" content=\"Model 320 VFFS Sealing Jaw Holder | Fix Seal Misalignment &amp; Pressure Issues\" \/>\n<meta property=\"og:description\" content=\"B2B supplier of Model 320 universal Pneumatic Sealing Jaw Holders. Available in iron, aluminum, and steel to solve issues like inconsistent sealing pressure, misalignment, and low speed caused by a worn Jaw Mounting Bracket. Compatible with horizontal\/vertical jaws. Customization available.\" \/>\n<meta property=\"og:url\" content=\"https:\/\/fill-package.com\/tr\/sealig-cene-tutucu\/\" \/>\n<meta property=\"og:site_name\" content=\"Fill&amp;Package\" \/>\n<meta property=\"article:modified_time\" content=\"2025-12-12T04:19:34+00:00\" \/>\n<meta name=\"twitter:card\" content=\"summary_large_image\" \/>\n<script type=\"application\/ld+json\" class=\"yoast-schema-graph\">{\"@context\":\"https:\\\/\\\/schema.org\",\"@graph\":[{\"@type\":\"WebPage\",\"@id\":\"https:\\\/\\\/fill-package.com\\\/sealig-jaw-holder\\\/\",\"url\":\"https:\\\/\\\/fill-package.com\\\/sealig-jaw-holder\\\/\",\"name\":\"Model 320 VFFS Sealing Jaw Holder | Fix Seal Misalignment & Pressure Issues\",\"isPartOf\":{\"@id\":\"https:\\\/\\\/fill-package.com\\\/#website\"},\"datePublished\":\"2025-12-08T09:11:04+00:00\",\"dateModified\":\"2025-12-12T04:19:34+00:00\",\"description\":\"B2B supplier of Model 320 universal Pneumatic Sealing Jaw Holders. Available in iron, aluminum, and steel to solve issues like inconsistent sealing pressure, misalignment, and low speed caused by a worn Jaw Mounting Bracket. Compatible with horizontal\\\/vertical jaws. Customization available.\",\"breadcrumb\":{\"@id\":\"https:\\\/\\\/fill-package.com\\\/sealig-jaw-holder\\\/#breadcrumb\"},\"inLanguage\":\"tr\",\"potentialAction\":[{\"@type\":\"ReadAction\",\"target\":[\"https:\\\/\\\/fill-package.com\\\/sealig-jaw-holder\\\/\"]}]},{\"@type\":\"BreadcrumbList\",\"@id\":\"https:\\\/\\\/fill-package.com\\\/sealig-jaw-holder\\\/#breadcrumb\",\"itemListElement\":[{\"@type\":\"ListItem\",\"position\":1,\"name\":\"Home\",\"item\":\"https:\\\/\\\/fill-package.com\\\/\"},{\"@type\":\"ListItem\",\"position\":2,\"name\":\"Sealing Jaw Holder\"}]},{\"@type\":\"WebSite\",\"@id\":\"https:\\\/\\\/fill-package.com\\\/#website\",\"url\":\"https:\\\/\\\/fill-package.com\\\/\",\"name\":\"Fill&amp;Package\",\"description\":\"\",\"potentialAction\":[{\"@type\":\"SearchAction\",\"target\":{\"@type\":\"EntryPoint\",\"urlTemplate\":\"https:\\\/\\\/fill-package.com\\\/?s={search_term_string}\"},\"query-input\":{\"@type\":\"PropertyValueSpecification\",\"valueRequired\":true,\"valueName\":\"search_term_string\"}}],\"inLanguage\":\"tr\"}]}<\/script>\n<!-- \/ Yoast SEO plugin. -->","yoast_head_json":{"title":"Model 320 VFFS S\u0131zd\u0131rmazl\u0131k \u00c7enesi Tutucu | S\u0131zd\u0131rmazl\u0131k Hizalama ve Bas\u0131n\u00e7 Sorunlar\u0131n\u0131 Giderir","description":"Model 320 \u00fcniversal pn\u00f6matik s\u0131zd\u0131rmazl\u0131k \u00e7ene tutucular\u0131n\u0131n B2B tedarik\u00e7isi. Demir, al\u00fcminyum ve \u00e7elik se\u00e7enekleriyle sunulan bu tutucular, a\u015f\u0131nm\u0131\u015f \u00e7ene montaj braketinden kaynaklanan tutars\u0131z s\u0131zd\u0131rmazl\u0131k bas\u0131nc\u0131, yanl\u0131\u015f hizalama ve d\u00fc\u015f\u00fck h\u0131z gibi sorunlar\u0131 \u00e7\u00f6zmek i\u00e7in tasarlanm\u0131\u015ft\u0131r. Yatay\/dikey \u00e7enelerle uyumludur. \u00d6zelle\u015ftirme se\u00e7enekleri mevcuttur.","robots":{"index":"index","follow":"follow","max-snippet":"max-snippet:-1","max-image-preview":"max-image-preview:large","max-video-preview":"max-video-preview:-1"},"canonical":"https:\/\/fill-package.com\/tr\/sealig-cene-tutucu\/","og_locale":"tr_TR","og_type":"article","og_title":"Model 320 VFFS Sealing Jaw Holder | Fix Seal Misalignment & Pressure Issues","og_description":"B2B supplier of Model 320 universal Pneumatic Sealing Jaw Holders. Available in iron, aluminum, and steel to solve issues like inconsistent sealing pressure, misalignment, and low speed caused by a worn Jaw Mounting Bracket. Compatible with horizontal\/vertical jaws. Customization available.","og_url":"https:\/\/fill-package.com\/tr\/sealig-cene-tutucu\/","og_site_name":"Fill&amp;Package","article_modified_time":"2025-12-12T04:19:34+00:00","twitter_card":"summary_large_image","schema":{"@context":"https:\/\/schema.org","@graph":[{"@type":"WebPage","@id":"https:\/\/fill-package.com\/sealig-jaw-holder\/","url":"https:\/\/fill-package.com\/sealig-jaw-holder\/","name":"Model 320 VFFS S\u0131zd\u0131rmazl\u0131k \u00c7enesi Tutucu | S\u0131zd\u0131rmazl\u0131k Hizalama ve Bas\u0131n\u00e7 Sorunlar\u0131n\u0131 Giderir","isPartOf":{"@id":"https:\/\/fill-package.com\/#website"},"datePublished":"2025-12-08T09:11:04+00:00","dateModified":"2025-12-12T04:19:34+00:00","description":"Model 320 \u00fcniversal pn\u00f6matik s\u0131zd\u0131rmazl\u0131k \u00e7ene tutucular\u0131n\u0131n B2B tedarik\u00e7isi. Demir, al\u00fcminyum ve \u00e7elik se\u00e7enekleriyle sunulan bu tutucular, a\u015f\u0131nm\u0131\u015f \u00e7ene montaj braketinden kaynaklanan tutars\u0131z s\u0131zd\u0131rmazl\u0131k bas\u0131nc\u0131, yanl\u0131\u015f hizalama ve d\u00fc\u015f\u00fck h\u0131z gibi sorunlar\u0131 \u00e7\u00f6zmek i\u00e7in tasarlanm\u0131\u015ft\u0131r. Yatay\/dikey \u00e7enelerle uyumludur. \u00d6zelle\u015ftirme se\u00e7enekleri mevcuttur.","breadcrumb":{"@id":"https:\/\/fill-package.com\/sealig-jaw-holder\/#breadcrumb"},"inLanguage":"tr","potentialAction":[{"@type":"ReadAction","target":["https:\/\/fill-package.com\/sealig-jaw-holder\/"]}]},{"@type":"BreadcrumbList","@id":"https:\/\/fill-package.com\/sealig-jaw-holder\/#breadcrumb","itemListElement":[{"@type":"ListItem","position":1,"name":"Home","item":"https:\/\/fill-package.com\/"},{"@type":"ListItem","position":2,"name":"Sealing Jaw Holder"}]},{"@type":"WebSite","@id":"https:\/\/fill-package.com\/#website","url":"https:\/\/fill-package.com\/","name":"Doldur ve Paketle","description":"","potentialAction":[{"@type":"SearchAction","target":{"@type":"EntryPoint","urlTemplate":"https:\/\/fill-package.com\/?s={search_term_string}"},"query-input":{"@type":"PropertyValueSpecification","valueRequired":true,"valueName":"search_term_string"}}],"inLanguage":"tr"}]}},"_links":{"self":[{"href":"https:\/\/fill-package.com\/tr\/wp-json\/wp\/v2\/pages\/11424","targetHints":{"allow":["GET"]}}],"collection":[{"href":"https:\/\/fill-package.com\/tr\/wp-json\/wp\/v2\/pages"}],"about":[{"href":"https:\/\/fill-package.com\/tr\/wp-json\/wp\/v2\/types\/page"}],"author":[{"embeddable":true,"href":"https:\/\/fill-package.com\/tr\/wp-json\/wp\/v2\/users\/1"}],"replies":[{"embeddable":true,"href":"https:\/\/fill-package.com\/tr\/wp-json\/wp\/v2\/comments?post=11424"}],"version-history":[{"count":10,"href":"https:\/\/fill-package.com\/tr\/wp-json\/wp\/v2\/pages\/11424\/revisions"}],"predecessor-version":[{"id":11599,"href":"https:\/\/fill-package.com\/tr\/wp-json\/wp\/v2\/pages\/11424\/revisions\/11599"}],"wp:attachment":[{"href":"https:\/\/fill-package.com\/tr\/wp-json\/wp\/v2\/media?parent=11424"}],"curies":[{"name":"wp","href":"https:\/\/api.w.org\/{rel}","templated":true}]}}