{"id":11386,"date":"2025-12-04T07:57:18","date_gmt":"2025-12-04T07:57:18","guid":{"rendered":"https:\/\/fill-package.com\/?page_id=11386"},"modified":"2025-12-12T04:40:19","modified_gmt":"2025-12-12T04:40:19","slug":"dikey-sizdirmazlik-ceneleri","status":"publish","type":"page","link":"https:\/\/fill-package.com\/tr\/vertical-sealing-jaws","title":{"rendered":"Dikey S\u0131zd\u0131rmazl\u0131k \u00c7eneleri"},"content":{"rendered":"","protected":false},"excerpt":{"rendered":"","protected":false},"author":1,"featured_media":0,"parent":0,"menu_order":0,"comment_status":"closed","ping_status":"closed","template":"product-category3.php","meta":{"site-sidebar-layout":"default","site-content-layout":"page-builder","ast-site-content-layout":"full-width-container","site-content-style":"unboxed","site-sidebar-style":"unboxed","ast-global-header-display":"","ast-banner-title-visibility":"","ast-main-header-display":"","ast-hfb-above-header-display":"","ast-hfb-below-header-display":"","ast-hfb-mobile-header-display":"","site-post-title":"","ast-breadcrumbs-content":"disabled","ast-featured-img":"","footer-sml-layout":"","ast-disable-related-posts":"","theme-transparent-header-meta":"default","adv-header-id-meta":"","stick-header-meta":"default","header-above-stick-meta":"","header-main-stick-meta":"","header-below-stick-meta":"","astra-migrate-meta-layouts":"set","ast-page-background-enabled":"default","ast-page-background-meta":{"desktop":{"background-color":"","background-image":"","background-repeat":"repeat","background-position":"center center","background-size":"auto","background-attachment":"scroll","background-type":"","background-media":"","overlay-type":"","overlay-color":"","overlay-opacity":"","overlay-gradient":""},"tablet":{"background-color":"","background-image":"","background-repeat":"repeat","background-position":"center center","background-size":"auto","background-attachment":"scroll","background-type":"","background-media":"","overlay-type":"","overlay-color":"","overlay-opacity":"","overlay-gradient":""},"mobile":{"background-color":"","background-image":"","background-repeat":"repeat","background-position":"center center","background-size":"auto","background-attachment":"scroll","background-type":"","background-media":"","overlay-type":"","overlay-color":"","overlay-opacity":"","overlay-gradient":""}},"ast-content-background-meta":{"desktop":{"background-color":"var(--ast-global-color-5)","background-image":"","background-repeat":"repeat","background-position":"center center","background-size":"auto","background-attachment":"scroll","background-type":"","background-media":"","overlay-type":"","overlay-color":"","overlay-opacity":"","overlay-gradient":""},"tablet":{"background-color":"var(--ast-global-color-5)","background-image":"","background-repeat":"repeat","background-position":"center center","background-size":"auto","background-attachment":"scroll","background-type":"","background-media":"","overlay-type":"","overlay-color":"","overlay-opacity":"","overlay-gradient":""},"mobile":{"background-color":"var(--ast-global-color-5)","background-image":"","background-repeat":"repeat","background-position":"center center","background-size":"auto","background-attachment":"scroll","background-type":"","background-media":"","overlay-type":"","overlay-color":"","overlay-opacity":"","overlay-gradient":""}},"footnotes":""},"class_list":["post-11386","page","type-page","status-publish","hentry"],"acf":[],"yoast_head":"<!-- This site is optimized with the Yoast SEO plugin v27.3 - https:\/\/yoast.com\/product\/yoast-seo-wordpress\/ -->\n<title>VFFS Vertical Sealing Jaw Solve Leaks &amp; Sticking Issues<\/title>\n<meta name=\"description\" content=\"High-quality Vertical Sealing Jaws &amp; Bag Sealing Clamps for B2B clients. Choose from stainless steel, copper, and anti-stick Teflon coatings to fix vertical seal leaks, weak seals, and film sticking on your packaging machine. Compatible with major brands, custom orders available.\" \/>\n<meta name=\"robots\" content=\"index, follow, max-snippet:-1, max-image-preview:large, max-video-preview:-1\" \/>\n<link rel=\"canonical\" href=\"https:\/\/fill-package.com\/tr\/dikey-sizdirmazlik-ceneleri\/\" \/>\n<meta property=\"og:locale\" content=\"tr_TR\" \/>\n<meta property=\"og:type\" content=\"article\" \/>\n<meta property=\"og:title\" content=\"VFFS Vertical Sealing Jaw Solve Leaks &amp; Sticking Issues\" \/>\n<meta property=\"og:description\" content=\"High-quality Vertical Sealing Jaws &amp; Bag Sealing Clamps for B2B clients. Choose from stainless steel, copper, and anti-stick Teflon coatings to fix vertical seal leaks, weak seals, and film sticking on your packaging machine. Compatible with major brands, custom orders available.\" \/>\n<meta property=\"og:url\" content=\"https:\/\/fill-package.com\/tr\/dikey-sizdirmazlik-ceneleri\/\" \/>\n<meta property=\"og:site_name\" content=\"Fill&amp;Package\" \/>\n<meta property=\"article:modified_time\" content=\"2025-12-12T04:40:19+00:00\" \/>\n<meta name=\"twitter:card\" content=\"summary_large_image\" \/>\n<script type=\"application\/ld+json\" class=\"yoast-schema-graph\">{\"@context\":\"https:\\\/\\\/schema.org\",\"@graph\":[{\"@type\":\"WebPage\",\"@id\":\"https:\\\/\\\/fill-package.com\\\/vertical-sealing-jaws\\\/\",\"url\":\"https:\\\/\\\/fill-package.com\\\/vertical-sealing-jaws\\\/\",\"name\":\"VFFS Vertical Sealing Jaw Solve Leaks & Sticking Issues\",\"isPartOf\":{\"@id\":\"https:\\\/\\\/fill-package.com\\\/#website\"},\"datePublished\":\"2025-12-04T07:57:18+00:00\",\"dateModified\":\"2025-12-12T04:40:19+00:00\",\"description\":\"High-quality Vertical Sealing Jaws & Bag Sealing Clamps for B2B clients. Choose from stainless steel, copper, and anti-stick Teflon coatings to fix vertical seal leaks, weak seals, and film sticking on your packaging machine. Compatible with major brands, custom orders available.\",\"breadcrumb\":{\"@id\":\"https:\\\/\\\/fill-package.com\\\/vertical-sealing-jaws\\\/#breadcrumb\"},\"inLanguage\":\"tr\",\"potentialAction\":[{\"@type\":\"ReadAction\",\"target\":[\"https:\\\/\\\/fill-package.com\\\/vertical-sealing-jaws\\\/\"]}]},{\"@type\":\"BreadcrumbList\",\"@id\":\"https:\\\/\\\/fill-package.com\\\/vertical-sealing-jaws\\\/#breadcrumb\",\"itemListElement\":[{\"@type\":\"ListItem\",\"position\":1,\"name\":\"Home\",\"item\":\"https:\\\/\\\/fill-package.com\\\/\"},{\"@type\":\"ListItem\",\"position\":2,\"name\":\"Vertical Sealing Jaws\"}]},{\"@type\":\"WebSite\",\"@id\":\"https:\\\/\\\/fill-package.com\\\/#website\",\"url\":\"https:\\\/\\\/fill-package.com\\\/\",\"name\":\"Fill&amp;Package\",\"description\":\"\",\"potentialAction\":[{\"@type\":\"SearchAction\",\"target\":{\"@type\":\"EntryPoint\",\"urlTemplate\":\"https:\\\/\\\/fill-package.com\\\/?s={search_term_string}\"},\"query-input\":{\"@type\":\"PropertyValueSpecification\",\"valueRequired\":true,\"valueName\":\"search_term_string\"}}],\"inLanguage\":\"tr\"}]}<\/script>\n<!-- \/ Yoast SEO plugin. -->","yoast_head_json":{"title":"VFFS Dikey S\u0131zd\u0131rmazl\u0131k \u00c7enesi S\u0131z\u0131nt\u0131 ve Yap\u0131\u015fma Sorunlar\u0131n\u0131 \u00c7\u00f6zer","description":"B2B m\u00fc\u015fterileri i\u00e7in y\u00fcksek kaliteli Dikey S\u0131zd\u0131rmazl\u0131k \u00c7eneleri ve Po\u015fet S\u0131zd\u0131rmazl\u0131k Kelep\u00e7eleri. Paketleme makinenizdeki dikey s\u0131zd\u0131rmazl\u0131k s\u0131z\u0131nt\u0131lar\u0131n\u0131, zay\u0131f s\u0131zd\u0131rmazl\u0131klar\u0131 ve film yap\u0131\u015fmalar\u0131n\u0131 gidermek i\u00e7in paslanmaz \u00e7elik, bak\u0131r ve yap\u0131\u015fmaz Teflon kaplamalar aras\u0131ndan se\u00e7im yap\u0131n. Ba\u015fl\u0131ca markalarla uyumludur, \u00f6zel sipari\u015fler de mevcuttur.","robots":{"index":"index","follow":"follow","max-snippet":"max-snippet:-1","max-image-preview":"max-image-preview:large","max-video-preview":"max-video-preview:-1"},"canonical":"https:\/\/fill-package.com\/tr\/dikey-sizdirmazlik-ceneleri\/","og_locale":"tr_TR","og_type":"article","og_title":"VFFS Vertical Sealing Jaw Solve Leaks & Sticking Issues","og_description":"High-quality Vertical Sealing Jaws & Bag Sealing Clamps for B2B clients. Choose from stainless steel, copper, and anti-stick Teflon coatings to fix vertical seal leaks, weak seals, and film sticking on your packaging machine. Compatible with major brands, custom orders available.","og_url":"https:\/\/fill-package.com\/tr\/dikey-sizdirmazlik-ceneleri\/","og_site_name":"Fill&amp;Package","article_modified_time":"2025-12-12T04:40:19+00:00","twitter_card":"summary_large_image","schema":{"@context":"https:\/\/schema.org","@graph":[{"@type":"WebPage","@id":"https:\/\/fill-package.com\/vertical-sealing-jaws\/","url":"https:\/\/fill-package.com\/vertical-sealing-jaws\/","name":"VFFS Dikey S\u0131zd\u0131rmazl\u0131k \u00c7enesi S\u0131z\u0131nt\u0131 ve Yap\u0131\u015fma Sorunlar\u0131n\u0131 \u00c7\u00f6zer","isPartOf":{"@id":"https:\/\/fill-package.com\/#website"},"datePublished":"2025-12-04T07:57:18+00:00","dateModified":"2025-12-12T04:40:19+00:00","description":"B2B m\u00fc\u015fterileri i\u00e7in y\u00fcksek kaliteli Dikey S\u0131zd\u0131rmazl\u0131k \u00c7eneleri ve Po\u015fet S\u0131zd\u0131rmazl\u0131k Kelep\u00e7eleri. Paketleme makinenizdeki dikey s\u0131zd\u0131rmazl\u0131k s\u0131z\u0131nt\u0131lar\u0131n\u0131, zay\u0131f s\u0131zd\u0131rmazl\u0131klar\u0131 ve film yap\u0131\u015fmalar\u0131n\u0131 gidermek i\u00e7in paslanmaz \u00e7elik, bak\u0131r ve yap\u0131\u015fmaz Teflon kaplamalar aras\u0131ndan se\u00e7im yap\u0131n. Ba\u015fl\u0131ca markalarla uyumludur, \u00f6zel sipari\u015fler de mevcuttur.","breadcrumb":{"@id":"https:\/\/fill-package.com\/vertical-sealing-jaws\/#breadcrumb"},"inLanguage":"tr","potentialAction":[{"@type":"ReadAction","target":["https:\/\/fill-package.com\/vertical-sealing-jaws\/"]}]},{"@type":"BreadcrumbList","@id":"https:\/\/fill-package.com\/vertical-sealing-jaws\/#breadcrumb","itemListElement":[{"@type":"ListItem","position":1,"name":"Home","item":"https:\/\/fill-package.com\/"},{"@type":"ListItem","position":2,"name":"Vertical Sealing Jaws"}]},{"@type":"WebSite","@id":"https:\/\/fill-package.com\/#website","url":"https:\/\/fill-package.com\/","name":"Doldur ve Paketle","description":"","potentialAction":[{"@type":"SearchAction","target":{"@type":"EntryPoint","urlTemplate":"https:\/\/fill-package.com\/?s={search_term_string}"},"query-input":{"@type":"PropertyValueSpecification","valueRequired":true,"valueName":"search_term_string"}}],"inLanguage":"tr"}]}},"_links":{"self":[{"href":"https:\/\/fill-package.com\/tr\/wp-json\/wp\/v2\/pages\/11386","targetHints":{"allow":["GET"]}}],"collection":[{"href":"https:\/\/fill-package.com\/tr\/wp-json\/wp\/v2\/pages"}],"about":[{"href":"https:\/\/fill-package.com\/tr\/wp-json\/wp\/v2\/types\/page"}],"author":[{"embeddable":true,"href":"https:\/\/fill-package.com\/tr\/wp-json\/wp\/v2\/users\/1"}],"replies":[{"embeddable":true,"href":"https:\/\/fill-package.com\/tr\/wp-json\/wp\/v2\/comments?post=11386"}],"version-history":[{"count":9,"href":"https:\/\/fill-package.com\/tr\/wp-json\/wp\/v2\/pages\/11386\/revisions"}],"predecessor-version":[{"id":11601,"href":"https:\/\/fill-package.com\/tr\/wp-json\/wp\/v2\/pages\/11386\/revisions\/11601"}],"wp:attachment":[{"href":"https:\/\/fill-package.com\/tr\/wp-json\/wp\/v2\/media?parent=11386"}],"curies":[{"name":"wp","href":"https:\/\/api.w.org\/{rel}","templated":true}]}}