{"id":11320,"date":"2025-11-29T10:03:30","date_gmt":"2025-11-29T10:03:30","guid":{"rendered":"https:\/\/fill-package.com\/?page_id=11320"},"modified":"2025-12-13T03:00:49","modified_gmt":"2025-12-13T03:00:49","slug":"packaging-knives","status":"publish","type":"page","link":"https:\/\/fill-package.com\/tr\/packaing-knives","title":{"rendered":"Paketleme B\u0131\u00e7aklar\u0131"},"content":{"rendered":"","protected":false},"excerpt":{"rendered":"","protected":false},"author":1,"featured_media":0,"parent":0,"menu_order":0,"comment_status":"closed","ping_status":"closed","template":"product-category3.php","meta":{"site-sidebar-layout":"default","site-content-layout":"page-builder","ast-site-content-layout":"full-width-container","site-content-style":"unboxed","site-sidebar-style":"unboxed","ast-global-header-display":"","ast-banner-title-visibility":"","ast-main-header-display":"","ast-hfb-above-header-display":"","ast-hfb-below-header-display":"","ast-hfb-mobile-header-display":"","site-post-title":"","ast-breadcrumbs-content":"disabled","ast-featured-img":"","footer-sml-layout":"","ast-disable-related-posts":"","theme-transparent-header-meta":"default","adv-header-id-meta":"","stick-header-meta":"default","header-above-stick-meta":"","header-main-stick-meta":"","header-below-stick-meta":"","astra-migrate-meta-layouts":"set","ast-page-background-enabled":"default","ast-page-background-meta":{"desktop":{"background-color":"","background-image":"","background-repeat":"repeat","background-position":"center center","background-size":"auto","background-attachment":"scroll","background-type":"","background-media":"","overlay-type":"","overlay-color":"","overlay-opacity":"","overlay-gradient":""},"tablet":{"background-color":"","background-image":"","background-repeat":"repeat","background-position":"center center","background-size":"auto","background-attachment":"scroll","background-type":"","background-media":"","overlay-type":"","overlay-color":"","overlay-opacity":"","overlay-gradient":""},"mobile":{"background-color":"","background-image":"","background-repeat":"repeat","background-position":"center center","background-size":"auto","background-attachment":"scroll","background-type":"","background-media":"","overlay-type":"","overlay-color":"","overlay-opacity":"","overlay-gradient":""}},"ast-content-background-meta":{"desktop":{"background-color":"var(--ast-global-color-5)","background-image":"","background-repeat":"repeat","background-position":"center center","background-size":"auto","background-attachment":"scroll","background-type":"","background-media":"","overlay-type":"","overlay-color":"","overlay-opacity":"","overlay-gradient":""},"tablet":{"background-color":"var(--ast-global-color-5)","background-image":"","background-repeat":"repeat","background-position":"center center","background-size":"auto","background-attachment":"scroll","background-type":"","background-media":"","overlay-type":"","overlay-color":"","overlay-opacity":"","overlay-gradient":""},"mobile":{"background-color":"var(--ast-global-color-5)","background-image":"","background-repeat":"repeat","background-position":"center center","background-size":"auto","background-attachment":"scroll","background-type":"","background-media":"","overlay-type":"","overlay-color":"","overlay-opacity":"","overlay-gradient":""}},"footnotes":""},"class_list":["post-11320","page","type-page","status-publish","hentry"],"acf":[],"yoast_head":"<!-- This site is optimized with the Yoast SEO plugin v27.3 - https:\/\/yoast.com\/product\/yoast-seo-wordpress\/ -->\n<title>VFFS Machine Cutter | Horizontal Serrated Blade | Solves Weak Seals &amp; Bad Cuts<\/title>\n<meta name=\"description\" content=\"Professional supplier of high-quality VFFS machine cutters and horizontal serrated blades. Solves issues like weak seals, incomplete cuts, and film stringing. Made from high-strength alloy steel for superior wear resistance. Compatible with multiple brands and custom orders available. Inquire now!\" \/>\n<meta name=\"robots\" content=\"index, follow, max-snippet:-1, max-image-preview:large, max-video-preview:-1\" \/>\n<link rel=\"canonical\" href=\"https:\/\/fill-package.com\/tr\/paketleme-bicaklari\/\" \/>\n<meta property=\"og:locale\" content=\"tr_TR\" \/>\n<meta property=\"og:type\" content=\"article\" \/>\n<meta property=\"og:title\" content=\"VFFS Machine Cutter | Horizontal Serrated Blade | Solves Weak Seals &amp; Bad Cuts\" \/>\n<meta property=\"og:description\" content=\"Professional supplier of high-quality VFFS machine cutters and horizontal serrated blades. Solves issues like weak seals, incomplete cuts, and film stringing. Made from high-strength alloy steel for superior wear resistance. Compatible with multiple brands and custom orders available. Inquire now!\" \/>\n<meta property=\"og:url\" content=\"https:\/\/fill-package.com\/tr\/paketleme-bicaklari\/\" \/>\n<meta property=\"og:site_name\" content=\"Fill&amp;Package\" \/>\n<meta property=\"article:modified_time\" content=\"2025-12-13T03:00:49+00:00\" \/>\n<meta name=\"twitter:card\" content=\"summary_large_image\" \/>\n<script type=\"application\/ld+json\" class=\"yoast-schema-graph\">{\"@context\":\"https:\\\/\\\/schema.org\",\"@graph\":[{\"@type\":\"WebPage\",\"@id\":\"https:\\\/\\\/fill-package.com\\\/packaing-knives\\\/\",\"url\":\"https:\\\/\\\/fill-package.com\\\/packaing-knives\\\/\",\"name\":\"VFFS Machine Cutter | Horizontal Serrated Blade | Solves Weak Seals & Bad Cuts\",\"isPartOf\":{\"@id\":\"https:\\\/\\\/fill-package.com\\\/#website\"},\"datePublished\":\"2025-11-29T10:03:30+00:00\",\"dateModified\":\"2025-12-13T03:00:49+00:00\",\"description\":\"Professional supplier of high-quality VFFS machine cutters and horizontal serrated blades. Solves issues like weak seals, incomplete cuts, and film stringing. Made from high-strength alloy steel for superior wear resistance. Compatible with multiple brands and custom orders available. Inquire now!\",\"breadcrumb\":{\"@id\":\"https:\\\/\\\/fill-package.com\\\/packaing-knives\\\/#breadcrumb\"},\"inLanguage\":\"tr\",\"potentialAction\":[{\"@type\":\"ReadAction\",\"target\":[\"https:\\\/\\\/fill-package.com\\\/packaing-knives\\\/\"]}]},{\"@type\":\"BreadcrumbList\",\"@id\":\"https:\\\/\\\/fill-package.com\\\/packaing-knives\\\/#breadcrumb\",\"itemListElement\":[{\"@type\":\"ListItem\",\"position\":1,\"name\":\"Home\",\"item\":\"https:\\\/\\\/fill-package.com\\\/\"},{\"@type\":\"ListItem\",\"position\":2,\"name\":\"Packaging Knives\"}]},{\"@type\":\"WebSite\",\"@id\":\"https:\\\/\\\/fill-package.com\\\/#website\",\"url\":\"https:\\\/\\\/fill-package.com\\\/\",\"name\":\"Fill&amp;Package\",\"description\":\"\",\"potentialAction\":[{\"@type\":\"SearchAction\",\"target\":{\"@type\":\"EntryPoint\",\"urlTemplate\":\"https:\\\/\\\/fill-package.com\\\/?s={search_term_string}\"},\"query-input\":{\"@type\":\"PropertyValueSpecification\",\"valueRequired\":true,\"valueName\":\"search_term_string\"}}],\"inLanguage\":\"tr\"}]}<\/script>\n<!-- \/ Yoast SEO plugin. -->","yoast_head_json":{"title":"VFFS Makine Kesici | Yatay T\u0131rt\u0131kl\u0131 B\u0131\u00e7ak | Zay\u0131f Contalar\u0131 ve K\u00f6t\u00fc Kesimleri \u00c7\u00f6zer","description":"Y\u00fcksek kaliteli VFFS makine kesicileri ve yatay t\u0131rt\u0131kl\u0131 b\u0131\u00e7aklar\u0131n profesyonel tedarik\u00e7isi. Zay\u0131f contalar, eksik kesimler ve film \u00e7ekme gibi sorunlar\u0131 \u00e7\u00f6zer. \u00dcst\u00fcn a\u015f\u0131nma direnci i\u00e7in y\u00fcksek mukavemetli ala\u015f\u0131ml\u0131 \u00e7elikten \u00fcretilmi\u015ftir. Bir\u00e7ok markayla uyumludur ve \u00f6zel sipari\u015fler mevcuttur. Hemen bilgi al\u0131n!","robots":{"index":"index","follow":"follow","max-snippet":"max-snippet:-1","max-image-preview":"max-image-preview:large","max-video-preview":"max-video-preview:-1"},"canonical":"https:\/\/fill-package.com\/tr\/paketleme-bicaklari\/","og_locale":"tr_TR","og_type":"article","og_title":"VFFS Machine Cutter | Horizontal Serrated Blade | Solves Weak Seals & Bad Cuts","og_description":"Professional supplier of high-quality VFFS machine cutters and horizontal serrated blades. Solves issues like weak seals, incomplete cuts, and film stringing. Made from high-strength alloy steel for superior wear resistance. Compatible with multiple brands and custom orders available. Inquire now!","og_url":"https:\/\/fill-package.com\/tr\/paketleme-bicaklari\/","og_site_name":"Fill&amp;Package","article_modified_time":"2025-12-13T03:00:49+00:00","twitter_card":"summary_large_image","schema":{"@context":"https:\/\/schema.org","@graph":[{"@type":"WebPage","@id":"https:\/\/fill-package.com\/packaing-knives\/","url":"https:\/\/fill-package.com\/packaing-knives\/","name":"VFFS Makine Kesici | Yatay T\u0131rt\u0131kl\u0131 B\u0131\u00e7ak | Zay\u0131f Contalar\u0131 ve K\u00f6t\u00fc Kesimleri \u00c7\u00f6zer","isPartOf":{"@id":"https:\/\/fill-package.com\/#website"},"datePublished":"2025-11-29T10:03:30+00:00","dateModified":"2025-12-13T03:00:49+00:00","description":"Y\u00fcksek kaliteli VFFS makine kesicileri ve yatay t\u0131rt\u0131kl\u0131 b\u0131\u00e7aklar\u0131n profesyonel tedarik\u00e7isi. Zay\u0131f contalar, eksik kesimler ve film \u00e7ekme gibi sorunlar\u0131 \u00e7\u00f6zer. \u00dcst\u00fcn a\u015f\u0131nma direnci i\u00e7in y\u00fcksek mukavemetli ala\u015f\u0131ml\u0131 \u00e7elikten \u00fcretilmi\u015ftir. Bir\u00e7ok markayla uyumludur ve \u00f6zel sipari\u015fler mevcuttur. Hemen bilgi al\u0131n!","breadcrumb":{"@id":"https:\/\/fill-package.com\/packaing-knives\/#breadcrumb"},"inLanguage":"tr","potentialAction":[{"@type":"ReadAction","target":["https:\/\/fill-package.com\/packaing-knives\/"]}]},{"@type":"BreadcrumbList","@id":"https:\/\/fill-package.com\/packaing-knives\/#breadcrumb","itemListElement":[{"@type":"ListItem","position":1,"name":"Home","item":"https:\/\/fill-package.com\/"},{"@type":"ListItem","position":2,"name":"Packaging Knives"}]},{"@type":"WebSite","@id":"https:\/\/fill-package.com\/#website","url":"https:\/\/fill-package.com\/","name":"Doldur ve Paketle","description":"","potentialAction":[{"@type":"SearchAction","target":{"@type":"EntryPoint","urlTemplate":"https:\/\/fill-package.com\/?s={search_term_string}"},"query-input":{"@type":"PropertyValueSpecification","valueRequired":true,"valueName":"search_term_string"}}],"inLanguage":"tr"}]}},"_links":{"self":[{"href":"https:\/\/fill-package.com\/tr\/wp-json\/wp\/v2\/pages\/11320","targetHints":{"allow":["GET"]}}],"collection":[{"href":"https:\/\/fill-package.com\/tr\/wp-json\/wp\/v2\/pages"}],"about":[{"href":"https:\/\/fill-package.com\/tr\/wp-json\/wp\/v2\/types\/page"}],"author":[{"embeddable":true,"href":"https:\/\/fill-package.com\/tr\/wp-json\/wp\/v2\/users\/1"}],"replies":[{"embeddable":true,"href":"https:\/\/fill-package.com\/tr\/wp-json\/wp\/v2\/comments?post=11320"}],"version-history":[{"count":13,"href":"https:\/\/fill-package.com\/tr\/wp-json\/wp\/v2\/pages\/11320\/revisions"}],"predecessor-version":[{"id":11667,"href":"https:\/\/fill-package.com\/tr\/wp-json\/wp\/v2\/pages\/11320\/revisions\/11667"}],"wp:attachment":[{"href":"https:\/\/fill-package.com\/tr\/wp-json\/wp\/v2\/media?parent=11320"}],"curies":[{"name":"wp","href":"https:\/\/api.w.org\/{rel}","templated":true}]}}