{"id":10889,"date":"2025-11-12T07:48:46","date_gmt":"2025-11-12T07:48:46","guid":{"rendered":"https:\/\/fill-package.com\/?page_id=10889"},"modified":"2025-12-12T03:07:35","modified_gmt":"2025-12-12T03:07:35","slug":"yildiz-topuzu","status":"publish","type":"page","link":"https:\/\/fill-package.com\/tr\/star-knob","title":{"rendered":"Y\u0131ld\u0131z Topuzu"},"content":{"rendered":"","protected":false},"excerpt":{"rendered":"","protected":false},"author":1,"featured_media":0,"parent":0,"menu_order":0,"comment_status":"closed","ping_status":"closed","template":"product-category3.php","meta":{"site-sidebar-layout":"default","site-content-layout":"page-builder","ast-site-content-layout":"full-width-container","site-content-style":"unboxed","site-sidebar-style":"unboxed","ast-global-header-display":"","ast-banner-title-visibility":"","ast-main-header-display":"","ast-hfb-above-header-display":"","ast-hfb-below-header-display":"","ast-hfb-mobile-header-display":"","site-post-title":"","ast-breadcrumbs-content":"disabled","ast-featured-img":"","footer-sml-layout":"","ast-disable-related-posts":"","theme-transparent-header-meta":"default","adv-header-id-meta":"","stick-header-meta":"default","header-above-stick-meta":"","header-main-stick-meta":"","header-below-stick-meta":"","astra-migrate-meta-layouts":"set","ast-page-background-enabled":"default","ast-page-background-meta":{"desktop":{"background-color":"","background-image":"","background-repeat":"repeat","background-position":"center center","background-size":"auto","background-attachment":"scroll","background-type":"","background-media":"","overlay-type":"","overlay-color":"","overlay-opacity":"","overlay-gradient":""},"tablet":{"background-color":"","background-image":"","background-repeat":"repeat","background-position":"center center","background-size":"auto","background-attachment":"scroll","background-type":"","background-media":"","overlay-type":"","overlay-color":"","overlay-opacity":"","overlay-gradient":""},"mobile":{"background-color":"","background-image":"","background-repeat":"repeat","background-position":"center center","background-size":"auto","background-attachment":"scroll","background-type":"","background-media":"","overlay-type":"","overlay-color":"","overlay-opacity":"","overlay-gradient":""}},"ast-content-background-meta":{"desktop":{"background-color":"var(--ast-global-color-5)","background-image":"","background-repeat":"repeat","background-position":"center center","background-size":"auto","background-attachment":"scroll","background-type":"","background-media":"","overlay-type":"","overlay-color":"","overlay-opacity":"","overlay-gradient":""},"tablet":{"background-color":"var(--ast-global-color-5)","background-image":"","background-repeat":"repeat","background-position":"center center","background-size":"auto","background-attachment":"scroll","background-type":"","background-media":"","overlay-type":"","overlay-color":"","overlay-opacity":"","overlay-gradient":""},"mobile":{"background-color":"var(--ast-global-color-5)","background-image":"","background-repeat":"repeat","background-position":"center center","background-size":"auto","background-attachment":"scroll","background-type":"","background-media":"","overlay-type":"","overlay-color":"","overlay-opacity":"","overlay-gradient":""}},"footnotes":""},"class_list":["post-10889","page","type-page","status-publish","hentry"],"acf":[],"yoast_head":"<!-- This site is optimized with the Yoast SEO plugin v27.3 - https:\/\/yoast.com\/product\/yoast-seo-wordpress\/ -->\n<title>Star Knob | Hand Knob Screws &amp; Plastic Handle Screw| FillPackage<\/title>\n<meta name=\"description\" content=\"Discover our premium Star Knob collection! High-quality plastic handle screws, hand knob bolts &amp; star hand knob tightening screws. Easy to use, no tools needed!\" \/>\n<meta name=\"robots\" content=\"index, follow, max-snippet:-1, max-image-preview:large, max-video-preview:-1\" \/>\n<link rel=\"canonical\" href=\"https:\/\/fill-package.com\/tr\/yildiz-topuzu\/\" \/>\n<meta property=\"og:locale\" content=\"tr_TR\" \/>\n<meta property=\"og:type\" content=\"article\" \/>\n<meta property=\"og:title\" content=\"Star Knob | Hand Knob Screws &amp; Plastic Handle Screw| FillPackage\" \/>\n<meta property=\"og:description\" content=\"Discover our premium Star Knob collection! High-quality plastic handle screws, hand knob bolts &amp; star hand knob tightening screws. Easy to use, no tools needed!\" \/>\n<meta property=\"og:url\" content=\"https:\/\/fill-package.com\/tr\/yildiz-topuzu\/\" \/>\n<meta property=\"og:site_name\" content=\"Fill&amp;Package\" \/>\n<meta property=\"article:modified_time\" content=\"2025-12-12T03:07:35+00:00\" \/>\n<meta name=\"twitter:card\" content=\"summary_large_image\" \/>\n<script type=\"application\/ld+json\" class=\"yoast-schema-graph\">{\"@context\":\"https:\\\/\\\/schema.org\",\"@graph\":[{\"@type\":\"WebPage\",\"@id\":\"https:\\\/\\\/fill-package.com\\\/star-knob\\\/\",\"url\":\"https:\\\/\\\/fill-package.com\\\/star-knob\\\/\",\"name\":\"Star Knob | Hand Knob Screws & Plastic Handle Screw| FillPackage\",\"isPartOf\":{\"@id\":\"https:\\\/\\\/fill-package.com\\\/#website\"},\"datePublished\":\"2025-11-12T07:48:46+00:00\",\"dateModified\":\"2025-12-12T03:07:35+00:00\",\"description\":\"Discover our premium Star Knob collection! High-quality plastic handle screws, hand knob bolts & star hand knob tightening screws. Easy to use, no tools needed!\",\"breadcrumb\":{\"@id\":\"https:\\\/\\\/fill-package.com\\\/star-knob\\\/#breadcrumb\"},\"inLanguage\":\"tr\",\"potentialAction\":[{\"@type\":\"ReadAction\",\"target\":[\"https:\\\/\\\/fill-package.com\\\/star-knob\\\/\"]}]},{\"@type\":\"BreadcrumbList\",\"@id\":\"https:\\\/\\\/fill-package.com\\\/star-knob\\\/#breadcrumb\",\"itemListElement\":[{\"@type\":\"ListItem\",\"position\":1,\"name\":\"Home\",\"item\":\"https:\\\/\\\/fill-package.com\\\/\"},{\"@type\":\"ListItem\",\"position\":2,\"name\":\"Star Knob\"}]},{\"@type\":\"WebSite\",\"@id\":\"https:\\\/\\\/fill-package.com\\\/#website\",\"url\":\"https:\\\/\\\/fill-package.com\\\/\",\"name\":\"Fill&amp;Package\",\"description\":\"\",\"potentialAction\":[{\"@type\":\"SearchAction\",\"target\":{\"@type\":\"EntryPoint\",\"urlTemplate\":\"https:\\\/\\\/fill-package.com\\\/?s={search_term_string}\"},\"query-input\":{\"@type\":\"PropertyValueSpecification\",\"valueRequired\":true,\"valueName\":\"search_term_string\"}}],\"inLanguage\":\"tr\"}]}<\/script>\n<!-- \/ Yoast SEO plugin. -->","yoast_head_json":{"title":"Y\u0131ld\u0131z Topuz | El Topuzu Vidalar\u0131 ve Plastik Sapl\u0131 Vida | Dolum Paketi","description":"Premium Star Knob koleksiyonumuzu ke\u015ffedin! Y\u00fcksek kaliteli plastik sapl\u0131 vidalar, el topuzu c\u0131vatalar\u0131 ve y\u0131ld\u0131z el topuzu s\u0131kma vidalar\u0131. Kullan\u0131m\u0131 kolay, alet gerektirmez!","robots":{"index":"index","follow":"follow","max-snippet":"max-snippet:-1","max-image-preview":"max-image-preview:large","max-video-preview":"max-video-preview:-1"},"canonical":"https:\/\/fill-package.com\/tr\/yildiz-topuzu\/","og_locale":"tr_TR","og_type":"article","og_title":"Star Knob | Hand Knob Screws & Plastic Handle Screw| FillPackage","og_description":"Discover our premium Star Knob collection! High-quality plastic handle screws, hand knob bolts & star hand knob tightening screws. Easy to use, no tools needed!","og_url":"https:\/\/fill-package.com\/tr\/yildiz-topuzu\/","og_site_name":"Fill&amp;Package","article_modified_time":"2025-12-12T03:07:35+00:00","twitter_card":"summary_large_image","schema":{"@context":"https:\/\/schema.org","@graph":[{"@type":"WebPage","@id":"https:\/\/fill-package.com\/star-knob\/","url":"https:\/\/fill-package.com\/star-knob\/","name":"Y\u0131ld\u0131z Topuz | El Topuzu Vidalar\u0131 ve Plastik Sapl\u0131 Vida | Dolum Paketi","isPartOf":{"@id":"https:\/\/fill-package.com\/#website"},"datePublished":"2025-11-12T07:48:46+00:00","dateModified":"2025-12-12T03:07:35+00:00","description":"Premium Star Knob koleksiyonumuzu ke\u015ffedin! Y\u00fcksek kaliteli plastik sapl\u0131 vidalar, el topuzu c\u0131vatalar\u0131 ve y\u0131ld\u0131z el topuzu s\u0131kma vidalar\u0131. Kullan\u0131m\u0131 kolay, alet gerektirmez!","breadcrumb":{"@id":"https:\/\/fill-package.com\/star-knob\/#breadcrumb"},"inLanguage":"tr","potentialAction":[{"@type":"ReadAction","target":["https:\/\/fill-package.com\/star-knob\/"]}]},{"@type":"BreadcrumbList","@id":"https:\/\/fill-package.com\/star-knob\/#breadcrumb","itemListElement":[{"@type":"ListItem","position":1,"name":"Home","item":"https:\/\/fill-package.com\/"},{"@type":"ListItem","position":2,"name":"Star Knob"}]},{"@type":"WebSite","@id":"https:\/\/fill-package.com\/#website","url":"https:\/\/fill-package.com\/","name":"Doldur ve Paketle","description":"","potentialAction":[{"@type":"SearchAction","target":{"@type":"EntryPoint","urlTemplate":"https:\/\/fill-package.com\/?s={search_term_string}"},"query-input":{"@type":"PropertyValueSpecification","valueRequired":true,"valueName":"search_term_string"}}],"inLanguage":"tr"}]}},"_links":{"self":[{"href":"https:\/\/fill-package.com\/tr\/wp-json\/wp\/v2\/pages\/10889","targetHints":{"allow":["GET"]}}],"collection":[{"href":"https:\/\/fill-package.com\/tr\/wp-json\/wp\/v2\/pages"}],"about":[{"href":"https:\/\/fill-package.com\/tr\/wp-json\/wp\/v2\/types\/page"}],"author":[{"embeddable":true,"href":"https:\/\/fill-package.com\/tr\/wp-json\/wp\/v2\/users\/1"}],"replies":[{"embeddable":true,"href":"https:\/\/fill-package.com\/tr\/wp-json\/wp\/v2\/comments?post=10889"}],"version-history":[{"count":7,"href":"https:\/\/fill-package.com\/tr\/wp-json\/wp\/v2\/pages\/10889\/revisions"}],"predecessor-version":[{"id":11582,"href":"https:\/\/fill-package.com\/tr\/wp-json\/wp\/v2\/pages\/10889\/revisions\/11582"}],"wp:attachment":[{"href":"https:\/\/fill-package.com\/tr\/wp-json\/wp\/v2\/media?parent=10889"}],"curies":[{"name":"wp","href":"https:\/\/api.w.org\/{rel}","templated":true}]}}