{"id":10799,"date":"2025-11-10T07:10:09","date_gmt":"2025-11-10T07:10:09","guid":{"rendered":"https:\/\/fill-package.com\/?page_id=10799"},"modified":"2025-12-12T02:56:52","modified_gmt":"2025-12-12T02:56:52","slug":"makine-kollari","status":"publish","type":"page","link":"https:\/\/fill-package.com\/tr\/machine-handles","title":{"rendered":"Makine Saplar\u0131"},"content":{"rendered":"","protected":false},"excerpt":{"rendered":"","protected":false},"author":1,"featured_media":0,"parent":0,"menu_order":0,"comment_status":"closed","ping_status":"closed","template":"product-category3.php","meta":{"site-sidebar-layout":"default","site-content-layout":"page-builder","ast-site-content-layout":"full-width-container","site-content-style":"unboxed","site-sidebar-style":"unboxed","ast-global-header-display":"","ast-banner-title-visibility":"","ast-main-header-display":"","ast-hfb-above-header-display":"","ast-hfb-below-header-display":"","ast-hfb-mobile-header-display":"","site-post-title":"","ast-breadcrumbs-content":"disabled","ast-featured-img":"","footer-sml-layout":"","ast-disable-related-posts":"","theme-transparent-header-meta":"default","adv-header-id-meta":"","stick-header-meta":"default","header-above-stick-meta":"","header-main-stick-meta":"","header-below-stick-meta":"","astra-migrate-meta-layouts":"set","ast-page-background-enabled":"default","ast-page-background-meta":{"desktop":{"background-color":"","background-image":"","background-repeat":"repeat","background-position":"center center","background-size":"auto","background-attachment":"scroll","background-type":"","background-media":"","overlay-type":"","overlay-color":"","overlay-opacity":"","overlay-gradient":""},"tablet":{"background-color":"","background-image":"","background-repeat":"repeat","background-position":"center center","background-size":"auto","background-attachment":"scroll","background-type":"","background-media":"","overlay-type":"","overlay-color":"","overlay-opacity":"","overlay-gradient":""},"mobile":{"background-color":"","background-image":"","background-repeat":"repeat","background-position":"center center","background-size":"auto","background-attachment":"scroll","background-type":"","background-media":"","overlay-type":"","overlay-color":"","overlay-opacity":"","overlay-gradient":""}},"ast-content-background-meta":{"desktop":{"background-color":"var(--ast-global-color-5)","background-image":"","background-repeat":"repeat","background-position":"center center","background-size":"auto","background-attachment":"scroll","background-type":"","background-media":"","overlay-type":"","overlay-color":"","overlay-opacity":"","overlay-gradient":""},"tablet":{"background-color":"var(--ast-global-color-5)","background-image":"","background-repeat":"repeat","background-position":"center center","background-size":"auto","background-attachment":"scroll","background-type":"","background-media":"","overlay-type":"","overlay-color":"","overlay-opacity":"","overlay-gradient":""},"mobile":{"background-color":"var(--ast-global-color-5)","background-image":"","background-repeat":"repeat","background-position":"center center","background-size":"auto","background-attachment":"scroll","background-type":"","background-media":"","overlay-type":"","overlay-color":"","overlay-opacity":"","overlay-gradient":""}},"footnotes":""},"class_list":["post-10799","page","type-page","status-publish","hentry"],"acf":[],"yoast_head":"<!-- This site is optimized with the Yoast SEO plugin v27.3 - https:\/\/yoast.com\/product\/yoast-seo-wordpress\/ -->\n<title>Durable Plastic &amp; Alloy Handles for Industrial Machines |FillPackage<\/title>\n<meta name=\"description\" content=\"Shop high-quality plastic handles, zinc alloy handles, and nylon handles for industrial equipment. Our durable, easy-to-install alloy door handles offer the perfect blend of performance and value. Find your ideal machine handle today!\" \/>\n<meta name=\"robots\" content=\"index, follow, max-snippet:-1, max-image-preview:large, max-video-preview:-1\" \/>\n<link rel=\"canonical\" href=\"https:\/\/fill-package.com\/tr\/makine-kollari\/\" \/>\n<meta property=\"og:locale\" content=\"tr_TR\" \/>\n<meta property=\"og:type\" content=\"article\" \/>\n<meta property=\"og:title\" content=\"Durable Plastic &amp; Alloy Handles for Industrial Machines |FillPackage\" \/>\n<meta property=\"og:description\" content=\"Shop high-quality plastic handles, zinc alloy handles, and nylon handles for industrial equipment. Our durable, easy-to-install alloy door handles offer the perfect blend of performance and value. Find your ideal machine handle today!\" \/>\n<meta property=\"og:url\" content=\"https:\/\/fill-package.com\/tr\/makine-kollari\/\" \/>\n<meta property=\"og:site_name\" content=\"Fill&amp;Package\" \/>\n<meta property=\"article:modified_time\" content=\"2025-12-12T02:56:52+00:00\" \/>\n<meta name=\"twitter:card\" content=\"summary_large_image\" \/>\n<script type=\"application\/ld+json\" class=\"yoast-schema-graph\">{\"@context\":\"https:\\\/\\\/schema.org\",\"@graph\":[{\"@type\":\"WebPage\",\"@id\":\"https:\\\/\\\/fill-package.com\\\/machine-handles\\\/\",\"url\":\"https:\\\/\\\/fill-package.com\\\/machine-handles\\\/\",\"name\":\"Durable Plastic & Alloy Handles for Industrial Machines |FillPackage\",\"isPartOf\":{\"@id\":\"https:\\\/\\\/fill-package.com\\\/#website\"},\"datePublished\":\"2025-11-10T07:10:09+00:00\",\"dateModified\":\"2025-12-12T02:56:52+00:00\",\"description\":\"Shop high-quality plastic handles, zinc alloy handles, and nylon handles for industrial equipment. Our durable, easy-to-install alloy door handles offer the perfect blend of performance and value. Find your ideal machine handle today!\",\"breadcrumb\":{\"@id\":\"https:\\\/\\\/fill-package.com\\\/machine-handles\\\/#breadcrumb\"},\"inLanguage\":\"tr\",\"potentialAction\":[{\"@type\":\"ReadAction\",\"target\":[\"https:\\\/\\\/fill-package.com\\\/machine-handles\\\/\"]}]},{\"@type\":\"BreadcrumbList\",\"@id\":\"https:\\\/\\\/fill-package.com\\\/machine-handles\\\/#breadcrumb\",\"itemListElement\":[{\"@type\":\"ListItem\",\"position\":1,\"name\":\"Home\",\"item\":\"https:\\\/\\\/fill-package.com\\\/\"},{\"@type\":\"ListItem\",\"position\":2,\"name\":\"Machine Handles\"}]},{\"@type\":\"WebSite\",\"@id\":\"https:\\\/\\\/fill-package.com\\\/#website\",\"url\":\"https:\\\/\\\/fill-package.com\\\/\",\"name\":\"Fill&amp;Package\",\"description\":\"\",\"potentialAction\":[{\"@type\":\"SearchAction\",\"target\":{\"@type\":\"EntryPoint\",\"urlTemplate\":\"https:\\\/\\\/fill-package.com\\\/?s={search_term_string}\"},\"query-input\":{\"@type\":\"PropertyValueSpecification\",\"valueRequired\":true,\"valueName\":\"search_term_string\"}}],\"inLanguage\":\"tr\"}]}<\/script>\n<!-- \/ Yoast SEO plugin. -->","yoast_head_json":{"title":"End\u00fcstriyel Makineler i\u00e7in Dayan\u0131kl\u0131 Plastik ve Ala\u015f\u0131ml\u0131 Saplar | Paket Doldurun","description":"End\u00fcstriyel ekipmanlar i\u00e7in y\u00fcksek kaliteli plastik kulplar, \u00e7inko ala\u015f\u0131ml\u0131 kulplar ve naylon kulplar sat\u0131n al\u0131n. Dayan\u0131kl\u0131 ve montaj\u0131 kolay ala\u015f\u0131ml\u0131 kap\u0131 kollar\u0131m\u0131z, performans ve de\u011ferin m\u00fckemmel bir kar\u0131\u015f\u0131m\u0131n\u0131 sunar. \u0130deal makine kulbunuzu bug\u00fcn bulun!","robots":{"index":"index","follow":"follow","max-snippet":"max-snippet:-1","max-image-preview":"max-image-preview:large","max-video-preview":"max-video-preview:-1"},"canonical":"https:\/\/fill-package.com\/tr\/makine-kollari\/","og_locale":"tr_TR","og_type":"article","og_title":"Durable Plastic & Alloy Handles for Industrial Machines |FillPackage","og_description":"Shop high-quality plastic handles, zinc alloy handles, and nylon handles for industrial equipment. Our durable, easy-to-install alloy door handles offer the perfect blend of performance and value. Find your ideal machine handle today!","og_url":"https:\/\/fill-package.com\/tr\/makine-kollari\/","og_site_name":"Fill&amp;Package","article_modified_time":"2025-12-12T02:56:52+00:00","twitter_card":"summary_large_image","schema":{"@context":"https:\/\/schema.org","@graph":[{"@type":"WebPage","@id":"https:\/\/fill-package.com\/machine-handles\/","url":"https:\/\/fill-package.com\/machine-handles\/","name":"End\u00fcstriyel Makineler i\u00e7in Dayan\u0131kl\u0131 Plastik ve Ala\u015f\u0131ml\u0131 Saplar | Paket Doldurun","isPartOf":{"@id":"https:\/\/fill-package.com\/#website"},"datePublished":"2025-11-10T07:10:09+00:00","dateModified":"2025-12-12T02:56:52+00:00","description":"End\u00fcstriyel ekipmanlar i\u00e7in y\u00fcksek kaliteli plastik kulplar, \u00e7inko ala\u015f\u0131ml\u0131 kulplar ve naylon kulplar sat\u0131n al\u0131n. Dayan\u0131kl\u0131 ve montaj\u0131 kolay ala\u015f\u0131ml\u0131 kap\u0131 kollar\u0131m\u0131z, performans ve de\u011ferin m\u00fckemmel bir kar\u0131\u015f\u0131m\u0131n\u0131 sunar. \u0130deal makine kulbunuzu bug\u00fcn bulun!","breadcrumb":{"@id":"https:\/\/fill-package.com\/machine-handles\/#breadcrumb"},"inLanguage":"tr","potentialAction":[{"@type":"ReadAction","target":["https:\/\/fill-package.com\/machine-handles\/"]}]},{"@type":"BreadcrumbList","@id":"https:\/\/fill-package.com\/machine-handles\/#breadcrumb","itemListElement":[{"@type":"ListItem","position":1,"name":"Home","item":"https:\/\/fill-package.com\/"},{"@type":"ListItem","position":2,"name":"Machine Handles"}]},{"@type":"WebSite","@id":"https:\/\/fill-package.com\/#website","url":"https:\/\/fill-package.com\/","name":"Doldur ve Paketle","description":"","potentialAction":[{"@type":"SearchAction","target":{"@type":"EntryPoint","urlTemplate":"https:\/\/fill-package.com\/?s={search_term_string}"},"query-input":{"@type":"PropertyValueSpecification","valueRequired":true,"valueName":"search_term_string"}}],"inLanguage":"tr"}]}},"_links":{"self":[{"href":"https:\/\/fill-package.com\/tr\/wp-json\/wp\/v2\/pages\/10799","targetHints":{"allow":["GET"]}}],"collection":[{"href":"https:\/\/fill-package.com\/tr\/wp-json\/wp\/v2\/pages"}],"about":[{"href":"https:\/\/fill-package.com\/tr\/wp-json\/wp\/v2\/types\/page"}],"author":[{"embeddable":true,"href":"https:\/\/fill-package.com\/tr\/wp-json\/wp\/v2\/users\/1"}],"replies":[{"embeddable":true,"href":"https:\/\/fill-package.com\/tr\/wp-json\/wp\/v2\/comments?post=10799"}],"version-history":[{"count":17,"href":"https:\/\/fill-package.com\/tr\/wp-json\/wp\/v2\/pages\/10799\/revisions"}],"predecessor-version":[{"id":11579,"href":"https:\/\/fill-package.com\/tr\/wp-json\/wp\/v2\/pages\/10799\/revisions\/11579"}],"wp:attachment":[{"href":"https:\/\/fill-package.com\/tr\/wp-json\/wp\/v2\/media?parent=10799"}],"curies":[{"name":"wp","href":"https:\/\/api.w.org\/{rel}","templated":true}]}}