{"id":10739,"date":"2025-11-08T08:33:23","date_gmt":"2025-11-08T08:33:23","guid":{"rendered":"https:\/\/fill-package.com\/?page_id=10739"},"modified":"2025-12-12T02:53:07","modified_gmt":"2025-12-12T02:53:07","slug":"konveyor-makarali-zincir","status":"publish","type":"page","link":"https:\/\/fill-package.com\/tr\/conveyor-roller-chain","title":{"rendered":"Konvey\u00f6r Makaral\u0131 Zincir"},"content":{"rendered":"","protected":false},"excerpt":{"rendered":"","protected":false},"author":1,"featured_media":0,"parent":0,"menu_order":0,"comment_status":"closed","ping_status":"closed","template":"product-category3.php","meta":{"site-sidebar-layout":"default","site-content-layout":"page-builder","ast-site-content-layout":"full-width-container","site-content-style":"unboxed","site-sidebar-style":"unboxed","ast-global-header-display":"","ast-banner-title-visibility":"","ast-main-header-display":"","ast-hfb-above-header-display":"","ast-hfb-below-header-display":"","ast-hfb-mobile-header-display":"","site-post-title":"","ast-breadcrumbs-content":"disabled","ast-featured-img":"","footer-sml-layout":"","ast-disable-related-posts":"","theme-transparent-header-meta":"default","adv-header-id-meta":"","stick-header-meta":"default","header-above-stick-meta":"","header-main-stick-meta":"","header-below-stick-meta":"","astra-migrate-meta-layouts":"set","ast-page-background-enabled":"default","ast-page-background-meta":{"desktop":{"background-color":"","background-image":"","background-repeat":"repeat","background-position":"center center","background-size":"auto","background-attachment":"scroll","background-type":"","background-media":"","overlay-type":"","overlay-color":"","overlay-opacity":"","overlay-gradient":""},"tablet":{"background-color":"","background-image":"","background-repeat":"repeat","background-position":"center center","background-size":"auto","background-attachment":"scroll","background-type":"","background-media":"","overlay-type":"","overlay-color":"","overlay-opacity":"","overlay-gradient":""},"mobile":{"background-color":"","background-image":"","background-repeat":"repeat","background-position":"center center","background-size":"auto","background-attachment":"scroll","background-type":"","background-media":"","overlay-type":"","overlay-color":"","overlay-opacity":"","overlay-gradient":""}},"ast-content-background-meta":{"desktop":{"background-color":"var(--ast-global-color-5)","background-image":"","background-repeat":"repeat","background-position":"center center","background-size":"auto","background-attachment":"scroll","background-type":"","background-media":"","overlay-type":"","overlay-color":"","overlay-opacity":"","overlay-gradient":""},"tablet":{"background-color":"var(--ast-global-color-5)","background-image":"","background-repeat":"repeat","background-position":"center center","background-size":"auto","background-attachment":"scroll","background-type":"","background-media":"","overlay-type":"","overlay-color":"","overlay-opacity":"","overlay-gradient":""},"mobile":{"background-color":"var(--ast-global-color-5)","background-image":"","background-repeat":"repeat","background-position":"center center","background-size":"auto","background-attachment":"scroll","background-type":"","background-media":"","overlay-type":"","overlay-color":"","overlay-opacity":"","overlay-gradient":""}},"footnotes":""},"class_list":["post-10739","page","type-page","status-publish","hentry"],"acf":[],"yoast_head":"<!-- This site is optimized with the Yoast SEO plugin v27.3 - https:\/\/yoast.com\/product\/yoast-seo-wordpress\/ -->\n<title>Stainless Steel Conveyor Chain for Bucket Elevators | High-Strength Roller Chain<\/title>\n<meta name=\"description\" content=\"Looking for a high-quality stainless steel roller chain for your Z-type bucket elevator system? Our ANSI-compliant double pitch conveyor roller chain is designed with oversized rollers, available in carbon steel and 304 stainless steel. Perfect fit for 1.8L and 4L buckets. Trusted manufacturer with 30+ years of experience. Fast shipping. Get your quote today!\" \/>\n<meta name=\"robots\" content=\"index, follow, max-snippet:-1, max-image-preview:large, max-video-preview:-1\" \/>\n<link rel=\"canonical\" href=\"https:\/\/fill-package.com\/tr\/konveyor-makarali-zincir\/\" \/>\n<meta property=\"og:locale\" content=\"tr_TR\" \/>\n<meta property=\"og:type\" content=\"article\" \/>\n<meta property=\"og:title\" content=\"Stainless Steel Conveyor Chain for Bucket Elevators | High-Strength Roller Chain\" \/>\n<meta property=\"og:description\" content=\"Looking for a high-quality stainless steel roller chain for your Z-type bucket elevator system? Our ANSI-compliant double pitch conveyor roller chain is designed with oversized rollers, available in carbon steel and 304 stainless steel. Perfect fit for 1.8L and 4L buckets. Trusted manufacturer with 30+ years of experience. Fast shipping. Get your quote today!\" \/>\n<meta property=\"og:url\" content=\"https:\/\/fill-package.com\/tr\/konveyor-makarali-zincir\/\" \/>\n<meta property=\"og:site_name\" content=\"Fill&amp;Package\" \/>\n<meta property=\"article:modified_time\" content=\"2025-12-12T02:53:07+00:00\" \/>\n<meta name=\"twitter:card\" content=\"summary_large_image\" \/>\n<script type=\"application\/ld+json\" class=\"yoast-schema-graph\">{\"@context\":\"https:\\\/\\\/schema.org\",\"@graph\":[{\"@type\":\"WebPage\",\"@id\":\"https:\\\/\\\/fill-package.com\\\/conveyor-roller-chain\\\/\",\"url\":\"https:\\\/\\\/fill-package.com\\\/conveyor-roller-chain\\\/\",\"name\":\"Stainless Steel Conveyor Chain for Bucket Elevators | High-Strength Roller Chain\",\"isPartOf\":{\"@id\":\"https:\\\/\\\/fill-package.com\\\/#website\"},\"datePublished\":\"2025-11-08T08:33:23+00:00\",\"dateModified\":\"2025-12-12T02:53:07+00:00\",\"description\":\"Looking for a high-quality stainless steel roller chain for your Z-type bucket elevator system? Our ANSI-compliant double pitch conveyor roller chain is designed with oversized rollers, available in carbon steel and 304 stainless steel. Perfect fit for 1.8L and 4L buckets. Trusted manufacturer with 30+ years of experience. Fast shipping. Get your quote today!\",\"breadcrumb\":{\"@id\":\"https:\\\/\\\/fill-package.com\\\/conveyor-roller-chain\\\/#breadcrumb\"},\"inLanguage\":\"tr\",\"potentialAction\":[{\"@type\":\"ReadAction\",\"target\":[\"https:\\\/\\\/fill-package.com\\\/conveyor-roller-chain\\\/\"]}]},{\"@type\":\"BreadcrumbList\",\"@id\":\"https:\\\/\\\/fill-package.com\\\/conveyor-roller-chain\\\/#breadcrumb\",\"itemListElement\":[{\"@type\":\"ListItem\",\"position\":1,\"name\":\"Home\",\"item\":\"https:\\\/\\\/fill-package.com\\\/\"},{\"@type\":\"ListItem\",\"position\":2,\"name\":\"Conveyor Roller Chain\"}]},{\"@type\":\"WebSite\",\"@id\":\"https:\\\/\\\/fill-package.com\\\/#website\",\"url\":\"https:\\\/\\\/fill-package.com\\\/\",\"name\":\"Fill&amp;Package\",\"description\":\"\",\"potentialAction\":[{\"@type\":\"SearchAction\",\"target\":{\"@type\":\"EntryPoint\",\"urlTemplate\":\"https:\\\/\\\/fill-package.com\\\/?s={search_term_string}\"},\"query-input\":{\"@type\":\"PropertyValueSpecification\",\"valueRequired\":true,\"valueName\":\"search_term_string\"}}],\"inLanguage\":\"tr\"}]}<\/script>\n<!-- \/ Yoast SEO plugin. -->","yoast_head_json":{"title":"Koval\u0131 Elevat\u00f6rler i\u00e7in Paslanmaz \u00c7elik Konvey\u00f6r Zinciri | Y\u00fcksek Mukavemetli Makaral\u0131 Zincir","description":"Z tipi koval\u0131 elevat\u00f6r sisteminiz i\u00e7in y\u00fcksek kaliteli paslanmaz \u00e7elik makaral\u0131 zincir mi ar\u0131yorsunuz? ANSI uyumlu \u00e7ift a\u015famal\u0131 konvey\u00f6r makaral\u0131 zincirimiz, karbon \u00e7eli\u011fi ve 304 paslanmaz \u00e7elik se\u00e7enekleriyle b\u00fcy\u00fck makaralarla tasarlanm\u0131\u015ft\u0131r. 1,8 L ve 4 L kovalar i\u00e7in m\u00fckemmel uyum sa\u011flar. 30 y\u0131l\u0131 a\u015fk\u0131n deneyime sahip g\u00fcvenilir \u00fcretici. H\u0131zl\u0131 kargo. Fiyat teklifinizi bug\u00fcn al\u0131n!","robots":{"index":"index","follow":"follow","max-snippet":"max-snippet:-1","max-image-preview":"max-image-preview:large","max-video-preview":"max-video-preview:-1"},"canonical":"https:\/\/fill-package.com\/tr\/konveyor-makarali-zincir\/","og_locale":"tr_TR","og_type":"article","og_title":"Stainless Steel Conveyor Chain for Bucket Elevators | High-Strength Roller Chain","og_description":"Looking for a high-quality stainless steel roller chain for your Z-type bucket elevator system? Our ANSI-compliant double pitch conveyor roller chain is designed with oversized rollers, available in carbon steel and 304 stainless steel. Perfect fit for 1.8L and 4L buckets. Trusted manufacturer with 30+ years of experience. Fast shipping. Get your quote today!","og_url":"https:\/\/fill-package.com\/tr\/konveyor-makarali-zincir\/","og_site_name":"Fill&amp;Package","article_modified_time":"2025-12-12T02:53:07+00:00","twitter_card":"summary_large_image","schema":{"@context":"https:\/\/schema.org","@graph":[{"@type":"WebPage","@id":"https:\/\/fill-package.com\/conveyor-roller-chain\/","url":"https:\/\/fill-package.com\/conveyor-roller-chain\/","name":"Koval\u0131 Elevat\u00f6rler i\u00e7in Paslanmaz \u00c7elik Konvey\u00f6r Zinciri | Y\u00fcksek Mukavemetli Makaral\u0131 Zincir","isPartOf":{"@id":"https:\/\/fill-package.com\/#website"},"datePublished":"2025-11-08T08:33:23+00:00","dateModified":"2025-12-12T02:53:07+00:00","description":"Z tipi koval\u0131 elevat\u00f6r sisteminiz i\u00e7in y\u00fcksek kaliteli paslanmaz \u00e7elik makaral\u0131 zincir mi ar\u0131yorsunuz? ANSI uyumlu \u00e7ift a\u015famal\u0131 konvey\u00f6r makaral\u0131 zincirimiz, karbon \u00e7eli\u011fi ve 304 paslanmaz \u00e7elik se\u00e7enekleriyle b\u00fcy\u00fck makaralarla tasarlanm\u0131\u015ft\u0131r. 1,8 L ve 4 L kovalar i\u00e7in m\u00fckemmel uyum sa\u011flar. 30 y\u0131l\u0131 a\u015fk\u0131n deneyime sahip g\u00fcvenilir \u00fcretici. H\u0131zl\u0131 kargo. Fiyat teklifinizi bug\u00fcn al\u0131n!","breadcrumb":{"@id":"https:\/\/fill-package.com\/conveyor-roller-chain\/#breadcrumb"},"inLanguage":"tr","potentialAction":[{"@type":"ReadAction","target":["https:\/\/fill-package.com\/conveyor-roller-chain\/"]}]},{"@type":"BreadcrumbList","@id":"https:\/\/fill-package.com\/conveyor-roller-chain\/#breadcrumb","itemListElement":[{"@type":"ListItem","position":1,"name":"Home","item":"https:\/\/fill-package.com\/"},{"@type":"ListItem","position":2,"name":"Conveyor Roller Chain"}]},{"@type":"WebSite","@id":"https:\/\/fill-package.com\/#website","url":"https:\/\/fill-package.com\/","name":"Doldur ve Paketle","description":"","potentialAction":[{"@type":"SearchAction","target":{"@type":"EntryPoint","urlTemplate":"https:\/\/fill-package.com\/?s={search_term_string}"},"query-input":{"@type":"PropertyValueSpecification","valueRequired":true,"valueName":"search_term_string"}}],"inLanguage":"tr"}]}},"_links":{"self":[{"href":"https:\/\/fill-package.com\/tr\/wp-json\/wp\/v2\/pages\/10739","targetHints":{"allow":["GET"]}}],"collection":[{"href":"https:\/\/fill-package.com\/tr\/wp-json\/wp\/v2\/pages"}],"about":[{"href":"https:\/\/fill-package.com\/tr\/wp-json\/wp\/v2\/types\/page"}],"author":[{"embeddable":true,"href":"https:\/\/fill-package.com\/tr\/wp-json\/wp\/v2\/users\/1"}],"replies":[{"embeddable":true,"href":"https:\/\/fill-package.com\/tr\/wp-json\/wp\/v2\/comments?post=10739"}],"version-history":[{"count":17,"href":"https:\/\/fill-package.com\/tr\/wp-json\/wp\/v2\/pages\/10739\/revisions"}],"predecessor-version":[{"id":11577,"href":"https:\/\/fill-package.com\/tr\/wp-json\/wp\/v2\/pages\/10739\/revisions\/11577"}],"wp:attachment":[{"href":"https:\/\/fill-package.com\/tr\/wp-json\/wp\/v2\/media?parent=10739"}],"curies":[{"name":"wp","href":"https:\/\/api.w.org\/{rel}","templated":true}]}}