{"id":10223,"date":"2025-09-22T02:21:35","date_gmt":"2025-09-22T02:21:35","guid":{"rendered":"https:\/\/fill-package.com\/?page_id=10223"},"modified":"2025-09-23T09:24:57","modified_gmt":"2025-09-23T09:24:57","slug":"dondurulmus-gida-paketleme-makinesi","status":"publish","type":"page","link":"https:\/\/fill-package.com\/tr\/frozen-food-packaging-machine","title":{"rendered":"Dondurulmu\u015f G\u0131da Paketleme Makinesi"},"content":{"rendered":"","protected":false},"excerpt":{"rendered":"","protected":false},"author":1,"featured_media":0,"parent":0,"menu_order":0,"comment_status":"closed","ping_status":"closed","template":"product-category3.php","meta":{"site-sidebar-layout":"default","site-content-layout":"page-builder","ast-site-content-layout":"full-width-container","site-content-style":"unboxed","site-sidebar-style":"unboxed","ast-global-header-display":"","ast-banner-title-visibility":"","ast-main-header-display":"","ast-hfb-above-header-display":"","ast-hfb-below-header-display":"","ast-hfb-mobile-header-display":"","site-post-title":"","ast-breadcrumbs-content":"disabled","ast-featured-img":"","footer-sml-layout":"","ast-disable-related-posts":"","theme-transparent-header-meta":"default","adv-header-id-meta":"","stick-header-meta":"default","header-above-stick-meta":"","header-main-stick-meta":"","header-below-stick-meta":"","astra-migrate-meta-layouts":"set","ast-page-background-enabled":"default","ast-page-background-meta":{"desktop":{"background-color":"","background-image":"","background-repeat":"repeat","background-position":"center center","background-size":"auto","background-attachment":"scroll","background-type":"","background-media":"","overlay-type":"","overlay-color":"","overlay-opacity":"","overlay-gradient":""},"tablet":{"background-color":"","background-image":"","background-repeat":"repeat","background-position":"center center","background-size":"auto","background-attachment":"scroll","background-type":"","background-media":"","overlay-type":"","overlay-color":"","overlay-opacity":"","overlay-gradient":""},"mobile":{"background-color":"","background-image":"","background-repeat":"repeat","background-position":"center center","background-size":"auto","background-attachment":"scroll","background-type":"","background-media":"","overlay-type":"","overlay-color":"","overlay-opacity":"","overlay-gradient":""}},"ast-content-background-meta":{"desktop":{"background-color":"var(--ast-global-color-5)","background-image":"","background-repeat":"repeat","background-position":"center center","background-size":"auto","background-attachment":"scroll","background-type":"","background-media":"","overlay-type":"","overlay-color":"","overlay-opacity":"","overlay-gradient":""},"tablet":{"background-color":"var(--ast-global-color-5)","background-image":"","background-repeat":"repeat","background-position":"center center","background-size":"auto","background-attachment":"scroll","background-type":"","background-media":"","overlay-type":"","overlay-color":"","overlay-opacity":"","overlay-gradient":""},"mobile":{"background-color":"var(--ast-global-color-5)","background-image":"","background-repeat":"repeat","background-position":"center center","background-size":"auto","background-attachment":"scroll","background-type":"","background-media":"","overlay-type":"","overlay-color":"","overlay-opacity":"","overlay-gradient":""}},"footnotes":""},"class_list":["post-10223","page","type-page","status-publish","hentry"],"acf":[],"yoast_head":"<!-- This site is optimized with the Yoast SEO plugin v27.3 - https:\/\/yoast.com\/product\/yoast-seo-wordpress\/ -->\n<title>Frozen Food Multihead Weigher Packaging System | Customized Capacity Solutions<\/title>\n<meta name=\"description\" content=\"Discover advanced frozen food packaging systems with multihead weighers designed for -25\u00b0C environments. Customized by production capacity (10\u2013150+ bags\/min), our smart solutions ensure high accuracy, speed, and efficiency for vegetables, meat, fruits, and export packaging.\" \/>\n<meta name=\"robots\" content=\"index, follow, max-snippet:-1, max-image-preview:large, max-video-preview:-1\" \/>\n<link rel=\"canonical\" href=\"https:\/\/fill-package.com\/tr\/dondurulmus-gida-paketleme-makinesi\/\" \/>\n<meta property=\"og:locale\" content=\"tr_TR\" \/>\n<meta property=\"og:type\" content=\"article\" \/>\n<meta property=\"og:title\" content=\"Frozen Food Multihead Weigher Packaging System | Customized Capacity Solutions\" \/>\n<meta property=\"og:description\" content=\"Discover advanced frozen food packaging systems with multihead weighers designed for -25\u00b0C environments. Customized by production capacity (10\u2013150+ bags\/min), our smart solutions ensure high accuracy, speed, and efficiency for vegetables, meat, fruits, and export packaging.\" \/>\n<meta property=\"og:url\" content=\"https:\/\/fill-package.com\/tr\/dondurulmus-gida-paketleme-makinesi\/\" \/>\n<meta property=\"og:site_name\" content=\"Fill&amp;Package\" \/>\n<meta property=\"article:modified_time\" content=\"2025-09-23T09:24:57+00:00\" \/>\n<meta name=\"twitter:card\" content=\"summary_large_image\" \/>\n<script type=\"application\/ld+json\" class=\"yoast-schema-graph\">{\"@context\":\"https:\\\/\\\/schema.org\",\"@graph\":[{\"@type\":\"WebPage\",\"@id\":\"https:\\\/\\\/fill-package.com\\\/frozen-food-packaging-machine\\\/\",\"url\":\"https:\\\/\\\/fill-package.com\\\/frozen-food-packaging-machine\\\/\",\"name\":\"Frozen Food Multihead Weigher Packaging System | Customized Capacity Solutions\",\"isPartOf\":{\"@id\":\"https:\\\/\\\/fill-package.com\\\/#website\"},\"datePublished\":\"2025-09-22T02:21:35+00:00\",\"dateModified\":\"2025-09-23T09:24:57+00:00\",\"description\":\"Discover advanced frozen food packaging systems with multihead weighers designed for -25\u00b0C environments. Customized by production capacity (10\u2013150+ bags\\\/min), our smart solutions ensure high accuracy, speed, and efficiency for vegetables, meat, fruits, and export packaging.\",\"breadcrumb\":{\"@id\":\"https:\\\/\\\/fill-package.com\\\/frozen-food-packaging-machine\\\/#breadcrumb\"},\"inLanguage\":\"tr\",\"potentialAction\":[{\"@type\":\"ReadAction\",\"target\":[\"https:\\\/\\\/fill-package.com\\\/frozen-food-packaging-machine\\\/\"]}]},{\"@type\":\"BreadcrumbList\",\"@id\":\"https:\\\/\\\/fill-package.com\\\/frozen-food-packaging-machine\\\/#breadcrumb\",\"itemListElement\":[{\"@type\":\"ListItem\",\"position\":1,\"name\":\"Home\",\"item\":\"https:\\\/\\\/fill-package.com\\\/\"},{\"@type\":\"ListItem\",\"position\":2,\"name\":\"Frozen Food Packaging Machine\"}]},{\"@type\":\"WebSite\",\"@id\":\"https:\\\/\\\/fill-package.com\\\/#website\",\"url\":\"https:\\\/\\\/fill-package.com\\\/\",\"name\":\"Fill&amp;Package\",\"description\":\"\",\"potentialAction\":[{\"@type\":\"SearchAction\",\"target\":{\"@type\":\"EntryPoint\",\"urlTemplate\":\"https:\\\/\\\/fill-package.com\\\/?s={search_term_string}\"},\"query-input\":{\"@type\":\"PropertyValueSpecification\",\"valueRequired\":true,\"valueName\":\"search_term_string\"}}],\"inLanguage\":\"tr\"}]}<\/script>\n<!-- \/ Yoast SEO plugin. -->","yoast_head_json":{"title":"Dondurulmu\u015f G\u0131da \u00c7ok Kafal\u0131 Tart\u0131m Paketleme Sistemi | \u00d6zelle\u015ftirilmi\u015f Kapasite \u00c7\u00f6z\u00fcmleri","description":"-25\u00b0C ortamlar i\u00e7in tasarlanm\u0131\u015f \u00e7ok kafal\u0131 tart\u0131lara sahip geli\u015fmi\u015f dondurulmu\u015f g\u0131da paketleme sistemlerini ke\u015ffedin. \u00dcretim kapasitesine (10-150+ torba\/dakika) g\u00f6re \u00f6zelle\u015ftirilmi\u015f ak\u0131ll\u0131 \u00e7\u00f6z\u00fcmlerimiz, sebze, et, meyve ve ihracat ambalajlar\u0131 i\u00e7in y\u00fcksek do\u011fruluk, h\u0131z ve verimlilik sa\u011flar.","robots":{"index":"index","follow":"follow","max-snippet":"max-snippet:-1","max-image-preview":"max-image-preview:large","max-video-preview":"max-video-preview:-1"},"canonical":"https:\/\/fill-package.com\/tr\/dondurulmus-gida-paketleme-makinesi\/","og_locale":"tr_TR","og_type":"article","og_title":"Frozen Food Multihead Weigher Packaging System | Customized Capacity Solutions","og_description":"Discover advanced frozen food packaging systems with multihead weighers designed for -25\u00b0C environments. Customized by production capacity (10\u2013150+ bags\/min), our smart solutions ensure high accuracy, speed, and efficiency for vegetables, meat, fruits, and export packaging.","og_url":"https:\/\/fill-package.com\/tr\/dondurulmus-gida-paketleme-makinesi\/","og_site_name":"Fill&amp;Package","article_modified_time":"2025-09-23T09:24:57+00:00","twitter_card":"summary_large_image","schema":{"@context":"https:\/\/schema.org","@graph":[{"@type":"WebPage","@id":"https:\/\/fill-package.com\/frozen-food-packaging-machine\/","url":"https:\/\/fill-package.com\/frozen-food-packaging-machine\/","name":"Dondurulmu\u015f G\u0131da \u00c7ok Kafal\u0131 Tart\u0131m Paketleme Sistemi | \u00d6zelle\u015ftirilmi\u015f Kapasite \u00c7\u00f6z\u00fcmleri","isPartOf":{"@id":"https:\/\/fill-package.com\/#website"},"datePublished":"2025-09-22T02:21:35+00:00","dateModified":"2025-09-23T09:24:57+00:00","description":"-25\u00b0C ortamlar i\u00e7in tasarlanm\u0131\u015f \u00e7ok kafal\u0131 tart\u0131lara sahip geli\u015fmi\u015f dondurulmu\u015f g\u0131da paketleme sistemlerini ke\u015ffedin. \u00dcretim kapasitesine (10-150+ torba\/dakika) g\u00f6re \u00f6zelle\u015ftirilmi\u015f ak\u0131ll\u0131 \u00e7\u00f6z\u00fcmlerimiz, sebze, et, meyve ve ihracat ambalajlar\u0131 i\u00e7in y\u00fcksek do\u011fruluk, h\u0131z ve verimlilik sa\u011flar.","breadcrumb":{"@id":"https:\/\/fill-package.com\/frozen-food-packaging-machine\/#breadcrumb"},"inLanguage":"tr","potentialAction":[{"@type":"ReadAction","target":["https:\/\/fill-package.com\/frozen-food-packaging-machine\/"]}]},{"@type":"BreadcrumbList","@id":"https:\/\/fill-package.com\/frozen-food-packaging-machine\/#breadcrumb","itemListElement":[{"@type":"ListItem","position":1,"name":"Home","item":"https:\/\/fill-package.com\/"},{"@type":"ListItem","position":2,"name":"Frozen Food Packaging Machine"}]},{"@type":"WebSite","@id":"https:\/\/fill-package.com\/#website","url":"https:\/\/fill-package.com\/","name":"Doldur ve Paketle","description":"","potentialAction":[{"@type":"SearchAction","target":{"@type":"EntryPoint","urlTemplate":"https:\/\/fill-package.com\/?s={search_term_string}"},"query-input":{"@type":"PropertyValueSpecification","valueRequired":true,"valueName":"search_term_string"}}],"inLanguage":"tr"}]}},"_links":{"self":[{"href":"https:\/\/fill-package.com\/tr\/wp-json\/wp\/v2\/pages\/10223","targetHints":{"allow":["GET"]}}],"collection":[{"href":"https:\/\/fill-package.com\/tr\/wp-json\/wp\/v2\/pages"}],"about":[{"href":"https:\/\/fill-package.com\/tr\/wp-json\/wp\/v2\/types\/page"}],"author":[{"embeddable":true,"href":"https:\/\/fill-package.com\/tr\/wp-json\/wp\/v2\/users\/1"}],"replies":[{"embeddable":true,"href":"https:\/\/fill-package.com\/tr\/wp-json\/wp\/v2\/comments?post=10223"}],"version-history":[{"count":9,"href":"https:\/\/fill-package.com\/tr\/wp-json\/wp\/v2\/pages\/10223\/revisions"}],"predecessor-version":[{"id":10271,"href":"https:\/\/fill-package.com\/tr\/wp-json\/wp\/v2\/pages\/10223\/revisions\/10271"}],"wp:attachment":[{"href":"https:\/\/fill-package.com\/tr\/wp-json\/wp\/v2\/media?parent=10223"}],"curies":[{"name":"wp","href":"https:\/\/api.w.org\/{rel}","templated":true}]}}