{"id":10188,"date":"2025-09-19T08:34:42","date_gmt":"2025-09-19T08:34:42","guid":{"rendered":"https:\/\/fill-package.com\/?page_id=10188"},"modified":"2025-09-19T08:48:33","modified_gmt":"2025-09-19T08:48:33","slug":"evcil-hayvan-mamasi-paketleme-makinesi","status":"publish","type":"page","link":"https:\/\/fill-package.com\/tr\/pet-food-packaging-machine","title":{"rendered":"Evcil Hayvan Mamas\u0131 Paketleme Makinesi"},"content":{"rendered":"","protected":false},"excerpt":{"rendered":"","protected":false},"author":1,"featured_media":0,"parent":0,"menu_order":0,"comment_status":"closed","ping_status":"closed","template":"product-category3.php","meta":{"site-sidebar-layout":"default","site-content-layout":"page-builder","ast-site-content-layout":"full-width-container","site-content-style":"unboxed","site-sidebar-style":"unboxed","ast-global-header-display":"","ast-banner-title-visibility":"","ast-main-header-display":"","ast-hfb-above-header-display":"","ast-hfb-below-header-display":"","ast-hfb-mobile-header-display":"","site-post-title":"","ast-breadcrumbs-content":"disabled","ast-featured-img":"","footer-sml-layout":"","ast-disable-related-posts":"","theme-transparent-header-meta":"default","adv-header-id-meta":"","stick-header-meta":"default","header-above-stick-meta":"","header-main-stick-meta":"","header-below-stick-meta":"","astra-migrate-meta-layouts":"set","ast-page-background-enabled":"default","ast-page-background-meta":{"desktop":{"background-color":"","background-image":"","background-repeat":"repeat","background-position":"center center","background-size":"auto","background-attachment":"scroll","background-type":"","background-media":"","overlay-type":"","overlay-color":"","overlay-opacity":"","overlay-gradient":""},"tablet":{"background-color":"","background-image":"","background-repeat":"repeat","background-position":"center center","background-size":"auto","background-attachment":"scroll","background-type":"","background-media":"","overlay-type":"","overlay-color":"","overlay-opacity":"","overlay-gradient":""},"mobile":{"background-color":"","background-image":"","background-repeat":"repeat","background-position":"center center","background-size":"auto","background-attachment":"scroll","background-type":"","background-media":"","overlay-type":"","overlay-color":"","overlay-opacity":"","overlay-gradient":""}},"ast-content-background-meta":{"desktop":{"background-color":"var(--ast-global-color-5)","background-image":"","background-repeat":"repeat","background-position":"center center","background-size":"auto","background-attachment":"scroll","background-type":"","background-media":"","overlay-type":"","overlay-color":"","overlay-opacity":"","overlay-gradient":""},"tablet":{"background-color":"var(--ast-global-color-5)","background-image":"","background-repeat":"repeat","background-position":"center center","background-size":"auto","background-attachment":"scroll","background-type":"","background-media":"","overlay-type":"","overlay-color":"","overlay-opacity":"","overlay-gradient":""},"mobile":{"background-color":"var(--ast-global-color-5)","background-image":"","background-repeat":"repeat","background-position":"center center","background-size":"auto","background-attachment":"scroll","background-type":"","background-media":"","overlay-type":"","overlay-color":"","overlay-opacity":"","overlay-gradient":""}},"footnotes":""},"class_list":["post-10188","page","type-page","status-publish","hentry"],"acf":[],"yoast_head":"<!-- This site is optimized with the Yoast SEO plugin v27.3 - https:\/\/yoast.com\/product\/yoast-seo-wordpress\/ -->\n<title>Pet Food Packaging Production Line | Automated Weighing, Filling &amp; Sealing Systems<\/title>\n<meta name=\"description\" content=\"Discover our high-speed, flexible, and reliable pet food packaging line for dry kibble, wet food, and treats. From multihead weighers to VFFS, pouch machines, metal detectors, and robotic palletizing, we deliver turnkey packaging solutions that boost efficiency, accuracy, and sustainability.\" \/>\n<meta name=\"robots\" content=\"index, follow, max-snippet:-1, max-image-preview:large, max-video-preview:-1\" \/>\n<link rel=\"canonical\" href=\"https:\/\/fill-package.com\/tr\/evcil-hayvan-mamasi-paketleme-makinesi\/\" \/>\n<meta property=\"og:locale\" content=\"tr_TR\" \/>\n<meta property=\"og:type\" content=\"article\" \/>\n<meta property=\"og:title\" content=\"Pet Food Packaging Production Line | Automated Weighing, Filling &amp; Sealing Systems\" \/>\n<meta property=\"og:description\" content=\"Discover our high-speed, flexible, and reliable pet food packaging line for dry kibble, wet food, and treats. From multihead weighers to VFFS, pouch machines, metal detectors, and robotic palletizing, we deliver turnkey packaging solutions that boost efficiency, accuracy, and sustainability.\" \/>\n<meta property=\"og:url\" content=\"https:\/\/fill-package.com\/tr\/evcil-hayvan-mamasi-paketleme-makinesi\/\" \/>\n<meta property=\"og:site_name\" content=\"Fill&amp;Package\" \/>\n<meta property=\"article:modified_time\" content=\"2025-09-19T08:48:33+00:00\" \/>\n<meta name=\"twitter:card\" content=\"summary_large_image\" \/>\n<script type=\"application\/ld+json\" class=\"yoast-schema-graph\">{\"@context\":\"https:\\\/\\\/schema.org\",\"@graph\":[{\"@type\":\"WebPage\",\"@id\":\"https:\\\/\\\/fill-package.com\\\/pet-food-packaging-machine\\\/\",\"url\":\"https:\\\/\\\/fill-package.com\\\/pet-food-packaging-machine\\\/\",\"name\":\"Pet Food Packaging Production Line | Automated Weighing, Filling & Sealing Systems\",\"isPartOf\":{\"@id\":\"https:\\\/\\\/fill-package.com\\\/#website\"},\"datePublished\":\"2025-09-19T08:34:42+00:00\",\"dateModified\":\"2025-09-19T08:48:33+00:00\",\"description\":\"Discover our high-speed, flexible, and reliable pet food packaging line for dry kibble, wet food, and treats. From multihead weighers to VFFS, pouch machines, metal detectors, and robotic palletizing, we deliver turnkey packaging solutions that boost efficiency, accuracy, and sustainability.\",\"breadcrumb\":{\"@id\":\"https:\\\/\\\/fill-package.com\\\/pet-food-packaging-machine\\\/#breadcrumb\"},\"inLanguage\":\"tr\",\"potentialAction\":[{\"@type\":\"ReadAction\",\"target\":[\"https:\\\/\\\/fill-package.com\\\/pet-food-packaging-machine\\\/\"]}]},{\"@type\":\"BreadcrumbList\",\"@id\":\"https:\\\/\\\/fill-package.com\\\/pet-food-packaging-machine\\\/#breadcrumb\",\"itemListElement\":[{\"@type\":\"ListItem\",\"position\":1,\"name\":\"Home\",\"item\":\"https:\\\/\\\/fill-package.com\\\/\"},{\"@type\":\"ListItem\",\"position\":2,\"name\":\"Pet Food Packaging Machine\"}]},{\"@type\":\"WebSite\",\"@id\":\"https:\\\/\\\/fill-package.com\\\/#website\",\"url\":\"https:\\\/\\\/fill-package.com\\\/\",\"name\":\"Fill&amp;Package\",\"description\":\"\",\"potentialAction\":[{\"@type\":\"SearchAction\",\"target\":{\"@type\":\"EntryPoint\",\"urlTemplate\":\"https:\\\/\\\/fill-package.com\\\/?s={search_term_string}\"},\"query-input\":{\"@type\":\"PropertyValueSpecification\",\"valueRequired\":true,\"valueName\":\"search_term_string\"}}],\"inLanguage\":\"tr\"}]}<\/script>\n<!-- \/ Yoast SEO plugin. -->","yoast_head_json":{"title":"Evcil Hayvan Mamas\u0131 Ambalaj \u00dcretim Hatt\u0131 | Otomatik Tart\u0131m, Dolum ve S\u0131zd\u0131rmazl\u0131k Sistemleri","description":"Kuru mama, ya\u015f mama ve \u00f6d\u00fcl mamalar\u0131 i\u00e7in y\u00fcksek h\u0131zl\u0131, esnek ve g\u00fcvenilir evcil hayvan mamas\u0131 paketleme serimizi ke\u015ffedin. \u00c7ok ba\u015fl\u0131 tart\u0131c\u0131lardan VFFS&#039;ye, po\u015fet makinelerine, metal dedekt\u00f6rlerine ve robotik paletleme sistemlerine kadar, verimlili\u011fi, do\u011frulu\u011fu ve s\u00fcrd\u00fcr\u00fclebilirli\u011fi art\u0131ran anahtar teslimi paketleme \u00e7\u00f6z\u00fcmleri sunuyoruz.","robots":{"index":"index","follow":"follow","max-snippet":"max-snippet:-1","max-image-preview":"max-image-preview:large","max-video-preview":"max-video-preview:-1"},"canonical":"https:\/\/fill-package.com\/tr\/evcil-hayvan-mamasi-paketleme-makinesi\/","og_locale":"tr_TR","og_type":"article","og_title":"Pet Food Packaging Production Line | Automated Weighing, Filling & Sealing Systems","og_description":"Discover our high-speed, flexible, and reliable pet food packaging line for dry kibble, wet food, and treats. From multihead weighers to VFFS, pouch machines, metal detectors, and robotic palletizing, we deliver turnkey packaging solutions that boost efficiency, accuracy, and sustainability.","og_url":"https:\/\/fill-package.com\/tr\/evcil-hayvan-mamasi-paketleme-makinesi\/","og_site_name":"Fill&amp;Package","article_modified_time":"2025-09-19T08:48:33+00:00","twitter_card":"summary_large_image","schema":{"@context":"https:\/\/schema.org","@graph":[{"@type":"WebPage","@id":"https:\/\/fill-package.com\/pet-food-packaging-machine\/","url":"https:\/\/fill-package.com\/pet-food-packaging-machine\/","name":"Evcil Hayvan Mamas\u0131 Ambalaj \u00dcretim Hatt\u0131 | Otomatik Tart\u0131m, Dolum ve S\u0131zd\u0131rmazl\u0131k Sistemleri","isPartOf":{"@id":"https:\/\/fill-package.com\/#website"},"datePublished":"2025-09-19T08:34:42+00:00","dateModified":"2025-09-19T08:48:33+00:00","description":"Kuru mama, ya\u015f mama ve \u00f6d\u00fcl mamalar\u0131 i\u00e7in y\u00fcksek h\u0131zl\u0131, esnek ve g\u00fcvenilir evcil hayvan mamas\u0131 paketleme serimizi ke\u015ffedin. \u00c7ok ba\u015fl\u0131 tart\u0131c\u0131lardan VFFS&#039;ye, po\u015fet makinelerine, metal dedekt\u00f6rlerine ve robotik paletleme sistemlerine kadar, verimlili\u011fi, do\u011frulu\u011fu ve s\u00fcrd\u00fcr\u00fclebilirli\u011fi art\u0131ran anahtar teslimi paketleme \u00e7\u00f6z\u00fcmleri sunuyoruz.","breadcrumb":{"@id":"https:\/\/fill-package.com\/pet-food-packaging-machine\/#breadcrumb"},"inLanguage":"tr","potentialAction":[{"@type":"ReadAction","target":["https:\/\/fill-package.com\/pet-food-packaging-machine\/"]}]},{"@type":"BreadcrumbList","@id":"https:\/\/fill-package.com\/pet-food-packaging-machine\/#breadcrumb","itemListElement":[{"@type":"ListItem","position":1,"name":"Home","item":"https:\/\/fill-package.com\/"},{"@type":"ListItem","position":2,"name":"Pet Food Packaging Machine"}]},{"@type":"WebSite","@id":"https:\/\/fill-package.com\/#website","url":"https:\/\/fill-package.com\/","name":"Doldur ve Paketle","description":"","potentialAction":[{"@type":"SearchAction","target":{"@type":"EntryPoint","urlTemplate":"https:\/\/fill-package.com\/?s={search_term_string}"},"query-input":{"@type":"PropertyValueSpecification","valueRequired":true,"valueName":"search_term_string"}}],"inLanguage":"tr"}]}},"_links":{"self":[{"href":"https:\/\/fill-package.com\/tr\/wp-json\/wp\/v2\/pages\/10188","targetHints":{"allow":["GET"]}}],"collection":[{"href":"https:\/\/fill-package.com\/tr\/wp-json\/wp\/v2\/pages"}],"about":[{"href":"https:\/\/fill-package.com\/tr\/wp-json\/wp\/v2\/types\/page"}],"author":[{"embeddable":true,"href":"https:\/\/fill-package.com\/tr\/wp-json\/wp\/v2\/users\/1"}],"replies":[{"embeddable":true,"href":"https:\/\/fill-package.com\/tr\/wp-json\/wp\/v2\/comments?post=10188"}],"version-history":[{"count":4,"href":"https:\/\/fill-package.com\/tr\/wp-json\/wp\/v2\/pages\/10188\/revisions"}],"predecessor-version":[{"id":10196,"href":"https:\/\/fill-package.com\/tr\/wp-json\/wp\/v2\/pages\/10188\/revisions\/10196"}],"wp:attachment":[{"href":"https:\/\/fill-package.com\/tr\/wp-json\/wp\/v2\/media?parent=10188"}],"curies":[{"name":"wp","href":"https:\/\/api.w.org\/{rel}","templated":true}]}}