{"id":9833,"date":"2025-08-21T04:06:37","date_gmt":"2025-08-21T04:06:37","guid":{"rendered":"https:\/\/fill-package.com\/?page_id=9833"},"modified":"2025-12-12T01:32:49","modified_gmt":"2025-12-12T01:32:49","slug":"motor-de-passo","status":"publish","type":"page","link":"https:\/\/fill-package.com\/pt\/stepper-motor\/","title":{"rendered":"Motor de passo"},"content":{"rendered":"","protected":false},"excerpt":{"rendered":"","protected":false},"author":1,"featured_media":0,"parent":0,"menu_order":0,"comment_status":"closed","ping_status":"closed","template":"product-category3.php","meta":{"site-sidebar-layout":"default","site-content-layout":"page-builder","ast-site-content-layout":"full-width-container","site-content-style":"unboxed","site-sidebar-style":"unboxed","ast-global-header-display":"","ast-banner-title-visibility":"","ast-main-header-display":"","ast-hfb-above-header-display":"","ast-hfb-below-header-display":"","ast-hfb-mobile-header-display":"","site-post-title":"","ast-breadcrumbs-content":"disabled","ast-featured-img":"","footer-sml-layout":"","ast-disable-related-posts":"","theme-transparent-header-meta":"default","adv-header-id-meta":"","stick-header-meta":"default","header-above-stick-meta":"","header-main-stick-meta":"","header-below-stick-meta":"","astra-migrate-meta-layouts":"set","ast-page-background-enabled":"default","ast-page-background-meta":{"desktop":{"background-color":"","background-image":"","background-repeat":"repeat","background-position":"center center","background-size":"auto","background-attachment":"scroll","background-type":"","background-media":"","overlay-type":"","overlay-color":"","overlay-opacity":"","overlay-gradient":""},"tablet":{"background-color":"","background-image":"","background-repeat":"repeat","background-position":"center center","background-size":"auto","background-attachment":"scroll","background-type":"","background-media":"","overlay-type":"","overlay-color":"","overlay-opacity":"","overlay-gradient":""},"mobile":{"background-color":"","background-image":"","background-repeat":"repeat","background-position":"center center","background-size":"auto","background-attachment":"scroll","background-type":"","background-media":"","overlay-type":"","overlay-color":"","overlay-opacity":"","overlay-gradient":""}},"ast-content-background-meta":{"desktop":{"background-color":"var(--ast-global-color-5)","background-image":"","background-repeat":"repeat","background-position":"center center","background-size":"auto","background-attachment":"scroll","background-type":"","background-media":"","overlay-type":"","overlay-color":"","overlay-opacity":"","overlay-gradient":""},"tablet":{"background-color":"var(--ast-global-color-5)","background-image":"","background-repeat":"repeat","background-position":"center center","background-size":"auto","background-attachment":"scroll","background-type":"","background-media":"","overlay-type":"","overlay-color":"","overlay-opacity":"","overlay-gradient":""},"mobile":{"background-color":"var(--ast-global-color-5)","background-image":"","background-repeat":"repeat","background-position":"center center","background-size":"auto","background-attachment":"scroll","background-type":"","background-media":"","overlay-type":"","overlay-color":"","overlay-opacity":"","overlay-gradient":""}},"footnotes":""},"class_list":["post-9833","page","type-page","status-publish","hentry"],"acf":[],"yoast_head":"<!-- This site is optimized with the Yoast SEO plugin v27.3 - https:\/\/yoast.com\/product\/yoast-seo-wordpress\/ -->\n<title>Stepper Motors | Stepper Motor Types, Price, Working Principle, Speed Control &amp; Servo Comparison<\/title>\n<meta name=\"description\" content=\"Get everything you need to know about stepper motors. Understand the working principle, speed control, wiring, and integrated stepper motors with controllers. Compare stepper motor vs servo motor, explore different types, and find the best price-performance ratio for applications like CNC, 3D printing, robotics, and medical devices.\" \/>\n<meta name=\"robots\" content=\"index, follow, max-snippet:-1, max-image-preview:large, max-video-preview:-1\" \/>\n<link rel=\"canonical\" href=\"https:\/\/fill-package.com\/pt\/motor-de-passo\/\" \/>\n<meta property=\"og:locale\" content=\"pt_BR\" \/>\n<meta property=\"og:type\" content=\"article\" \/>\n<meta property=\"og:title\" content=\"Stepper Motors | Stepper Motor Types, Price, Working Principle, Speed Control &amp; Servo Comparison\" \/>\n<meta property=\"og:description\" content=\"Get everything you need to know about stepper motors. Understand the working principle, speed control, wiring, and integrated stepper motors with controllers. Compare stepper motor vs servo motor, explore different types, and find the best price-performance ratio for applications like CNC, 3D printing, robotics, and medical devices.\" \/>\n<meta property=\"og:url\" content=\"https:\/\/fill-package.com\/pt\/motor-de-passo\/\" \/>\n<meta property=\"og:site_name\" content=\"Fill&amp;Package\" \/>\n<meta property=\"article:modified_time\" content=\"2025-12-12T01:32:49+00:00\" \/>\n<meta name=\"twitter:card\" content=\"summary_large_image\" \/>\n<script type=\"application\/ld+json\" class=\"yoast-schema-graph\">{\"@context\":\"https:\\\/\\\/schema.org\",\"@graph\":[{\"@type\":\"WebPage\",\"@id\":\"https:\\\/\\\/fill-package.com\\\/stepper-motor\\\/\",\"url\":\"https:\\\/\\\/fill-package.com\\\/stepper-motor\\\/\",\"name\":\"Stepper Motors | Stepper Motor Types, Price, Working Principle, Speed Control & Servo Comparison\",\"isPartOf\":{\"@id\":\"https:\\\/\\\/fill-package.com\\\/#website\"},\"datePublished\":\"2025-08-21T04:06:37+00:00\",\"dateModified\":\"2025-12-12T01:32:49+00:00\",\"description\":\"Get everything you need to know about stepper motors. Understand the working principle, speed control, wiring, and integrated stepper motors with controllers. Compare stepper motor vs servo motor, explore different types, and find the best price-performance ratio for applications like CNC, 3D printing, robotics, and medical devices.\",\"breadcrumb\":{\"@id\":\"https:\\\/\\\/fill-package.com\\\/stepper-motor\\\/#breadcrumb\"},\"inLanguage\":\"pt-BR\",\"potentialAction\":[{\"@type\":\"ReadAction\",\"target\":[\"https:\\\/\\\/fill-package.com\\\/stepper-motor\\\/\"]}]},{\"@type\":\"BreadcrumbList\",\"@id\":\"https:\\\/\\\/fill-package.com\\\/stepper-motor\\\/#breadcrumb\",\"itemListElement\":[{\"@type\":\"ListItem\",\"position\":1,\"name\":\"Home\",\"item\":\"https:\\\/\\\/fill-package.com\\\/\"},{\"@type\":\"ListItem\",\"position\":2,\"name\":\"Stepper Motor\"}]},{\"@type\":\"WebSite\",\"@id\":\"https:\\\/\\\/fill-package.com\\\/#website\",\"url\":\"https:\\\/\\\/fill-package.com\\\/\",\"name\":\"Fill&amp;Package\",\"description\":\"\",\"potentialAction\":[{\"@type\":\"SearchAction\",\"target\":{\"@type\":\"EntryPoint\",\"urlTemplate\":\"https:\\\/\\\/fill-package.com\\\/?s={search_term_string}\"},\"query-input\":{\"@type\":\"PropertyValueSpecification\",\"valueRequired\":true,\"valueName\":\"search_term_string\"}}],\"inLanguage\":\"pt-BR\"}]}<\/script>\n<!-- \/ Yoast SEO plugin. -->","yoast_head_json":{"title":"Motores de Passo | Tipos de Motores de Passo, Pre\u00e7o, Princ\u00edpio de Funcionamento, Controle de Velocidade e Compara\u00e7\u00e3o de Servos","description":"Aprenda tudo o que precisa sobre motores de passo. Entenda o princ\u00edpio de funcionamento, o controle de velocidade, a fia\u00e7\u00e3o e os motores de passo integrados com controladores. Compare motores de passo com servomotores, explore diferentes tipos e encontre a melhor rela\u00e7\u00e3o custo-benef\u00edcio para aplica\u00e7\u00f5es como CNC, impress\u00e3o 3D, rob\u00f3tica e dispositivos m\u00e9dicos.","robots":{"index":"index","follow":"follow","max-snippet":"max-snippet:-1","max-image-preview":"max-image-preview:large","max-video-preview":"max-video-preview:-1"},"canonical":"https:\/\/fill-package.com\/pt\/motor-de-passo\/","og_locale":"pt_BR","og_type":"article","og_title":"Stepper Motors | Stepper Motor Types, Price, Working Principle, Speed Control & Servo Comparison","og_description":"Get everything you need to know about stepper motors. Understand the working principle, speed control, wiring, and integrated stepper motors with controllers. Compare stepper motor vs servo motor, explore different types, and find the best price-performance ratio for applications like CNC, 3D printing, robotics, and medical devices.","og_url":"https:\/\/fill-package.com\/pt\/motor-de-passo\/","og_site_name":"Fill&amp;Package","article_modified_time":"2025-12-12T01:32:49+00:00","twitter_card":"summary_large_image","schema":{"@context":"https:\/\/schema.org","@graph":[{"@type":"WebPage","@id":"https:\/\/fill-package.com\/stepper-motor\/","url":"https:\/\/fill-package.com\/stepper-motor\/","name":"Motores de Passo | Tipos de Motores de Passo, Pre\u00e7o, Princ\u00edpio de Funcionamento, Controle de Velocidade e Compara\u00e7\u00e3o de Servos","isPartOf":{"@id":"https:\/\/fill-package.com\/#website"},"datePublished":"2025-08-21T04:06:37+00:00","dateModified":"2025-12-12T01:32:49+00:00","description":"Aprenda tudo o que precisa sobre motores de passo. Entenda o princ\u00edpio de funcionamento, o controle de velocidade, a fia\u00e7\u00e3o e os motores de passo integrados com controladores. Compare motores de passo com servomotores, explore diferentes tipos e encontre a melhor rela\u00e7\u00e3o custo-benef\u00edcio para aplica\u00e7\u00f5es como CNC, impress\u00e3o 3D, rob\u00f3tica e dispositivos m\u00e9dicos.","breadcrumb":{"@id":"https:\/\/fill-package.com\/stepper-motor\/#breadcrumb"},"inLanguage":"pt-BR","potentialAction":[{"@type":"ReadAction","target":["https:\/\/fill-package.com\/stepper-motor\/"]}]},{"@type":"BreadcrumbList","@id":"https:\/\/fill-package.com\/stepper-motor\/#breadcrumb","itemListElement":[{"@type":"ListItem","position":1,"name":"Home","item":"https:\/\/fill-package.com\/"},{"@type":"ListItem","position":2,"name":"Stepper Motor"}]},{"@type":"WebSite","@id":"https:\/\/fill-package.com\/#website","url":"https:\/\/fill-package.com\/","name":"Encher e Embalar","description":"","potentialAction":[{"@type":"SearchAction","target":{"@type":"EntryPoint","urlTemplate":"https:\/\/fill-package.com\/?s={search_term_string}"},"query-input":{"@type":"PropertyValueSpecification","valueRequired":true,"valueName":"search_term_string"}}],"inLanguage":"pt-BR"}]}},"_links":{"self":[{"href":"https:\/\/fill-package.com\/pt\/wp-json\/wp\/v2\/pages\/9833","targetHints":{"allow":["GET"]}}],"collection":[{"href":"https:\/\/fill-package.com\/pt\/wp-json\/wp\/v2\/pages"}],"about":[{"href":"https:\/\/fill-package.com\/pt\/wp-json\/wp\/v2\/types\/page"}],"author":[{"embeddable":true,"href":"https:\/\/fill-package.com\/pt\/wp-json\/wp\/v2\/users\/1"}],"replies":[{"embeddable":true,"href":"https:\/\/fill-package.com\/pt\/wp-json\/wp\/v2\/comments?post=9833"}],"version-history":[{"count":27,"href":"https:\/\/fill-package.com\/pt\/wp-json\/wp\/v2\/pages\/9833\/revisions"}],"predecessor-version":[{"id":11568,"href":"https:\/\/fill-package.com\/pt\/wp-json\/wp\/v2\/pages\/9833\/revisions\/11568"}],"wp:attachment":[{"href":"https:\/\/fill-package.com\/pt\/wp-json\/wp\/v2\/media?parent=9833"}],"curies":[{"name":"wp","href":"https:\/\/api.w.org\/{rel}","templated":true}]}}