{"id":8188,"date":"2024-09-25T16:18:35","date_gmt":"2024-09-25T16:18:35","guid":{"rendered":"https:\/\/fill-package.com\/?page_id=8188"},"modified":"2026-01-03T06:39:33","modified_gmt":"2026-01-03T06:39:33","slug":"transportador-de-correia-modular","status":"publish","type":"page","link":"https:\/\/fill-package.com\/pt\/modular-belt-conveyor","title":{"rendered":"Transportador de correia modular"},"content":{"rendered":"","protected":false},"excerpt":{"rendered":"","protected":false},"author":1,"featured_media":0,"parent":6231,"menu_order":0,"comment_status":"closed","ping_status":"closed","template":"product-category3.php","meta":{"site-sidebar-layout":"default","site-content-layout":"page-builder","ast-site-content-layout":"full-width-container","site-content-style":"unboxed","site-sidebar-style":"unboxed","ast-global-header-display":"","ast-banner-title-visibility":"","ast-main-header-display":"","ast-hfb-above-header-display":"","ast-hfb-below-header-display":"","ast-hfb-mobile-header-display":"","site-post-title":"","ast-breadcrumbs-content":"","ast-featured-img":"","footer-sml-layout":"","ast-disable-related-posts":"","theme-transparent-header-meta":"default","adv-header-id-meta":"","stick-header-meta":"default","header-above-stick-meta":"","header-main-stick-meta":"","header-below-stick-meta":"","astra-migrate-meta-layouts":"set","ast-page-background-enabled":"default","ast-page-background-meta":{"desktop":{"background-color":"","background-image":"","background-repeat":"repeat","background-position":"center center","background-size":"auto","background-attachment":"scroll","background-type":"","background-media":"","overlay-type":"","overlay-color":"","overlay-opacity":"","overlay-gradient":""},"tablet":{"background-color":"","background-image":"","background-repeat":"repeat","background-position":"center center","background-size":"auto","background-attachment":"scroll","background-type":"","background-media":"","overlay-type":"","overlay-color":"","overlay-opacity":"","overlay-gradient":""},"mobile":{"background-color":"","background-image":"","background-repeat":"repeat","background-position":"center center","background-size":"auto","background-attachment":"scroll","background-type":"","background-media":"","overlay-type":"","overlay-color":"","overlay-opacity":"","overlay-gradient":""}},"ast-content-background-meta":{"desktop":{"background-color":"var(--ast-global-color-5)","background-image":"","background-repeat":"repeat","background-position":"center center","background-size":"auto","background-attachment":"scroll","background-type":"","background-media":"","overlay-type":"","overlay-color":"","overlay-opacity":"","overlay-gradient":""},"tablet":{"background-color":"var(--ast-global-color-5)","background-image":"","background-repeat":"repeat","background-position":"center center","background-size":"auto","background-attachment":"scroll","background-type":"","background-media":"","overlay-type":"","overlay-color":"","overlay-opacity":"","overlay-gradient":""},"mobile":{"background-color":"var(--ast-global-color-5)","background-image":"","background-repeat":"repeat","background-position":"center center","background-size":"auto","background-attachment":"scroll","background-type":"","background-media":"","overlay-type":"","overlay-color":"","overlay-opacity":"","overlay-gradient":""}},"footnotes":""},"class_list":["post-8188","page","type-page","status-publish","hentry"],"acf":[],"yoast_head":"<!-- This site is optimized with the Yoast SEO plugin v27.3 - https:\/\/yoast.com\/product\/yoast-seo-wordpress\/ -->\n<title>Modular Belt Conveyor | Plastic Modular Conveyors | FILL PACKAGE<\/title>\n<meta name=\"description\" content=\"High-quality modular belt conveyors with customizable widths, speeds up to 30m\/min, and load capacity to 500kg\/m. PP, PE, POM belts for food, pharma &amp; industrial use. Get a quote today!\" \/>\n<meta name=\"robots\" content=\"index, follow, max-snippet:-1, max-image-preview:large, max-video-preview:-1\" \/>\n<link rel=\"canonical\" href=\"https:\/\/fill-package.com\/pt\/transportador-de-correia-modular\/\" \/>\n<meta property=\"og:locale\" content=\"pt_BR\" \/>\n<meta property=\"og:type\" content=\"article\" \/>\n<meta property=\"og:title\" content=\"Modular Belt Conveyor | Plastic Modular Conveyors | FILL PACKAGE\" \/>\n<meta property=\"og:description\" content=\"High-quality modular belt conveyors with customizable widths, speeds up to 30m\/min, and load capacity to 500kg\/m. PP, PE, POM belts for food, pharma &amp; industrial use. Get a quote today!\" \/>\n<meta property=\"og:url\" content=\"https:\/\/fill-package.com\/pt\/transportador-de-correia-modular\/\" \/>\n<meta property=\"og:site_name\" content=\"Fill&amp;Package\" \/>\n<meta property=\"article:modified_time\" content=\"2026-01-03T06:39:33+00:00\" \/>\n<meta name=\"twitter:card\" content=\"summary_large_image\" \/>\n<script type=\"application\/ld+json\" class=\"yoast-schema-graph\">{\"@context\":\"https:\\\/\\\/schema.org\",\"@graph\":[{\"@type\":\"WebPage\",\"@id\":\"https:\\\/\\\/fill-package.com\\\/modular-belt-conveyor\\\/\",\"url\":\"https:\\\/\\\/fill-package.com\\\/modular-belt-conveyor\\\/\",\"name\":\"Modular Belt Conveyor | Plastic Modular Conveyors | FILL PACKAGE\",\"isPartOf\":{\"@id\":\"https:\\\/\\\/fill-package.com\\\/#website\"},\"datePublished\":\"2024-09-25T16:18:35+00:00\",\"dateModified\":\"2026-01-03T06:39:33+00:00\",\"description\":\"High-quality modular belt conveyors with customizable widths, speeds up to 30m\\\/min, and load capacity to 500kg\\\/m. PP, PE, POM belts for food, pharma & industrial use. Get a quote today!\",\"breadcrumb\":{\"@id\":\"https:\\\/\\\/fill-package.com\\\/modular-belt-conveyor\\\/#breadcrumb\"},\"inLanguage\":\"pt-BR\",\"potentialAction\":[{\"@type\":\"ReadAction\",\"target\":[\"https:\\\/\\\/fill-package.com\\\/modular-belt-conveyor\\\/\"]}]},{\"@type\":\"BreadcrumbList\",\"@id\":\"https:\\\/\\\/fill-package.com\\\/modular-belt-conveyor\\\/#breadcrumb\",\"itemListElement\":[{\"@type\":\"ListItem\",\"position\":1,\"name\":\"Home\",\"item\":\"https:\\\/\\\/fill-package.com\\\/\"},{\"@type\":\"ListItem\",\"position\":2,\"name\":\"Belt Conveyor\",\"item\":\"https:\\\/\\\/fill-package.com\\\/belt-conveyor\\\/\"},{\"@type\":\"ListItem\",\"position\":3,\"name\":\"Modular Belt Conveyor\"}]},{\"@type\":\"WebSite\",\"@id\":\"https:\\\/\\\/fill-package.com\\\/#website\",\"url\":\"https:\\\/\\\/fill-package.com\\\/\",\"name\":\"Fill&amp;Package\",\"description\":\"\",\"potentialAction\":[{\"@type\":\"SearchAction\",\"target\":{\"@type\":\"EntryPoint\",\"urlTemplate\":\"https:\\\/\\\/fill-package.com\\\/?s={search_term_string}\"},\"query-input\":{\"@type\":\"PropertyValueSpecification\",\"valueRequired\":true,\"valueName\":\"search_term_string\"}}],\"inLanguage\":\"pt-BR\"}]}<\/script>\n<!-- \/ Yoast SEO plugin. -->","yoast_head_json":{"title":"Esteira Transportadora Modular | Esteiras Transportadoras Modulares de Pl\u00e1stico | PACOTE DE ENCHIMENTO","description":"Esteiras transportadoras modulares de alta qualidade com larguras personaliz\u00e1veis, velocidades de at\u00e9 30 m\/min e capacidade de carga de at\u00e9 500 kg\/m. Esteiras em PP, PE e POM para uso nas ind\u00fastrias aliment\u00edcia, farmac\u00eautica e industrial. Solicite um or\u00e7amento hoje mesmo!","robots":{"index":"index","follow":"follow","max-snippet":"max-snippet:-1","max-image-preview":"max-image-preview:large","max-video-preview":"max-video-preview:-1"},"canonical":"https:\/\/fill-package.com\/pt\/transportador-de-correia-modular\/","og_locale":"pt_BR","og_type":"article","og_title":"Modular Belt Conveyor | Plastic Modular Conveyors | FILL PACKAGE","og_description":"High-quality modular belt conveyors with customizable widths, speeds up to 30m\/min, and load capacity to 500kg\/m. PP, PE, POM belts for food, pharma & industrial use. Get a quote today!","og_url":"https:\/\/fill-package.com\/pt\/transportador-de-correia-modular\/","og_site_name":"Fill&amp;Package","article_modified_time":"2026-01-03T06:39:33+00:00","twitter_card":"summary_large_image","schema":{"@context":"https:\/\/schema.org","@graph":[{"@type":"WebPage","@id":"https:\/\/fill-package.com\/modular-belt-conveyor\/","url":"https:\/\/fill-package.com\/modular-belt-conveyor\/","name":"Esteira Transportadora Modular | Esteiras Transportadoras Modulares de Pl\u00e1stico | PACOTE DE ENCHIMENTO","isPartOf":{"@id":"https:\/\/fill-package.com\/#website"},"datePublished":"2024-09-25T16:18:35+00:00","dateModified":"2026-01-03T06:39:33+00:00","description":"Esteiras transportadoras modulares de alta qualidade com larguras personaliz\u00e1veis, velocidades de at\u00e9 30 m\/min e capacidade de carga de at\u00e9 500 kg\/m. Esteiras em PP, PE e POM para uso nas ind\u00fastrias aliment\u00edcia, farmac\u00eautica e industrial. Solicite um or\u00e7amento hoje mesmo!","breadcrumb":{"@id":"https:\/\/fill-package.com\/modular-belt-conveyor\/#breadcrumb"},"inLanguage":"pt-BR","potentialAction":[{"@type":"ReadAction","target":["https:\/\/fill-package.com\/modular-belt-conveyor\/"]}]},{"@type":"BreadcrumbList","@id":"https:\/\/fill-package.com\/modular-belt-conveyor\/#breadcrumb","itemListElement":[{"@type":"ListItem","position":1,"name":"Home","item":"https:\/\/fill-package.com\/"},{"@type":"ListItem","position":2,"name":"Belt Conveyor","item":"https:\/\/fill-package.com\/belt-conveyor\/"},{"@type":"ListItem","position":3,"name":"Modular Belt Conveyor"}]},{"@type":"WebSite","@id":"https:\/\/fill-package.com\/#website","url":"https:\/\/fill-package.com\/","name":"Encher e Embalar","description":"","potentialAction":[{"@type":"SearchAction","target":{"@type":"EntryPoint","urlTemplate":"https:\/\/fill-package.com\/?s={search_term_string}"},"query-input":{"@type":"PropertyValueSpecification","valueRequired":true,"valueName":"search_term_string"}}],"inLanguage":"pt-BR"}]}},"_links":{"self":[{"href":"https:\/\/fill-package.com\/pt\/wp-json\/wp\/v2\/pages\/8188","targetHints":{"allow":["GET"]}}],"collection":[{"href":"https:\/\/fill-package.com\/pt\/wp-json\/wp\/v2\/pages"}],"about":[{"href":"https:\/\/fill-package.com\/pt\/wp-json\/wp\/v2\/types\/page"}],"author":[{"embeddable":true,"href":"https:\/\/fill-package.com\/pt\/wp-json\/wp\/v2\/users\/1"}],"replies":[{"embeddable":true,"href":"https:\/\/fill-package.com\/pt\/wp-json\/wp\/v2\/comments?post=8188"}],"version-history":[{"count":58,"href":"https:\/\/fill-package.com\/pt\/wp-json\/wp\/v2\/pages\/8188\/revisions"}],"predecessor-version":[{"id":11854,"href":"https:\/\/fill-package.com\/pt\/wp-json\/wp\/v2\/pages\/8188\/revisions\/11854"}],"up":[{"embeddable":true,"href":"https:\/\/fill-package.com\/pt\/wp-json\/wp\/v2\/pages\/6231"}],"wp:attachment":[{"href":"https:\/\/fill-package.com\/pt\/wp-json\/wp\/v2\/media?parent=8188"}],"curies":[{"name":"wp","href":"https:\/\/api.w.org\/{rel}","templated":true}]}}