{"id":8920,"date":"2025-05-27T03:14:03","date_gmt":"2025-05-27T03:14:03","guid":{"rendered":"https:\/\/fill-package.com\/?page_id=8920"},"modified":"2025-06-28T15:42:29","modified_gmt":"2025-06-28T15:42:29","slug":"maquina-envasadora-de-patatas-fritas","status":"publish","type":"page","link":"https:\/\/fill-package.com\/es\/chips-packaging-machine","title":{"rendered":"M\u00e1quina envasadora de patatas fritas"},"content":{"rendered":"","protected":false},"excerpt":{"rendered":"","protected":false},"author":1,"featured_media":0,"parent":0,"menu_order":0,"comment_status":"closed","ping_status":"closed","template":"product-category3.php","meta":{"site-sidebar-layout":"default","site-content-layout":"page-builder","ast-site-content-layout":"full-width-container","site-content-style":"unboxed","site-sidebar-style":"unboxed","ast-global-header-display":"","ast-banner-title-visibility":"","ast-main-header-display":"","ast-hfb-above-header-display":"","ast-hfb-below-header-display":"","ast-hfb-mobile-header-display":"","site-post-title":"","ast-breadcrumbs-content":"disabled","ast-featured-img":"","footer-sml-layout":"","ast-disable-related-posts":"","theme-transparent-header-meta":"default","adv-header-id-meta":"","stick-header-meta":"default","header-above-stick-meta":"","header-main-stick-meta":"","header-below-stick-meta":"","astra-migrate-meta-layouts":"set","ast-page-background-enabled":"default","ast-page-background-meta":{"desktop":{"background-color":"","background-image":"","background-repeat":"repeat","background-position":"center center","background-size":"auto","background-attachment":"scroll","background-type":"","background-media":"","overlay-type":"","overlay-color":"","overlay-opacity":"","overlay-gradient":""},"tablet":{"background-color":"","background-image":"","background-repeat":"repeat","background-position":"center center","background-size":"auto","background-attachment":"scroll","background-type":"","background-media":"","overlay-type":"","overlay-color":"","overlay-opacity":"","overlay-gradient":""},"mobile":{"background-color":"","background-image":"","background-repeat":"repeat","background-position":"center center","background-size":"auto","background-attachment":"scroll","background-type":"","background-media":"","overlay-type":"","overlay-color":"","overlay-opacity":"","overlay-gradient":""}},"ast-content-background-meta":{"desktop":{"background-color":"var(--ast-global-color-5)","background-image":"","background-repeat":"repeat","background-position":"center center","background-size":"auto","background-attachment":"scroll","background-type":"","background-media":"","overlay-type":"","overlay-color":"","overlay-opacity":"","overlay-gradient":""},"tablet":{"background-color":"var(--ast-global-color-5)","background-image":"","background-repeat":"repeat","background-position":"center center","background-size":"auto","background-attachment":"scroll","background-type":"","background-media":"","overlay-type":"","overlay-color":"","overlay-opacity":"","overlay-gradient":""},"mobile":{"background-color":"var(--ast-global-color-5)","background-image":"","background-repeat":"repeat","background-position":"center center","background-size":"auto","background-attachment":"scroll","background-type":"","background-media":"","overlay-type":"","overlay-color":"","overlay-opacity":"","overlay-gradient":""}},"footnotes":""},"class_list":["post-8920","page","type-page","status-publish","hentry"],"acf":[],"yoast_head":"<!-- This site is optimized with the Yoast SEO plugin v27.4 - https:\/\/yoast.com\/product\/yoast-seo-wordpress\/ -->\n<title>Potato Chips Packaging Machine | Boost Efficiency &amp; Keep Chips Fresh<\/title>\n<meta name=\"description\" content=\"Discover how to choose the right potato chips packing machine to reduce breakage, extend shelf life, and boost production. From VFFS systems to smart conveyors\u2014we help you package chips the smart way.\" \/>\n<meta name=\"robots\" content=\"index, follow, max-snippet:-1, max-image-preview:large, max-video-preview:-1\" \/>\n<link rel=\"canonical\" href=\"https:\/\/fill-package.com\/es\/maquina-envasadora-de-patatas-fritas\/\" \/>\n<meta property=\"og:locale\" content=\"es_ES\" \/>\n<meta property=\"og:type\" content=\"article\" \/>\n<meta property=\"og:title\" content=\"Potato Chips Packaging Machine | Boost Efficiency &amp; Keep Chips Fresh\" \/>\n<meta property=\"og:description\" content=\"Discover how to choose the right potato chips packing machine to reduce breakage, extend shelf life, and boost production. From VFFS systems to smart conveyors\u2014we help you package chips the smart way.\" \/>\n<meta property=\"og:url\" content=\"https:\/\/fill-package.com\/es\/maquina-envasadora-de-patatas-fritas\/\" \/>\n<meta property=\"og:site_name\" content=\"Fill&amp;Package\" \/>\n<meta property=\"article:modified_time\" content=\"2025-06-28T15:42:29+00:00\" \/>\n<meta name=\"twitter:card\" content=\"summary_large_image\" \/>\n<script type=\"application\/ld+json\" class=\"yoast-schema-graph\">{\"@context\":\"https:\\\/\\\/schema.org\",\"@graph\":[{\"@type\":\"WebPage\",\"@id\":\"https:\\\/\\\/fill-package.com\\\/chips-packaging-machine\\\/\",\"url\":\"https:\\\/\\\/fill-package.com\\\/chips-packaging-machine\\\/\",\"name\":\"Potato Chips Packaging Machine | Boost Efficiency & Keep Chips Fresh\",\"isPartOf\":{\"@id\":\"https:\\\/\\\/fill-package.com\\\/#website\"},\"datePublished\":\"2025-05-27T03:14:03+00:00\",\"dateModified\":\"2025-06-28T15:42:29+00:00\",\"description\":\"Discover how to choose the right potato chips packing machine to reduce breakage, extend shelf life, and boost production. From VFFS systems to smart conveyors\u2014we help you package chips the smart way.\",\"breadcrumb\":{\"@id\":\"https:\\\/\\\/fill-package.com\\\/chips-packaging-machine\\\/#breadcrumb\"},\"inLanguage\":\"es\",\"potentialAction\":[{\"@type\":\"ReadAction\",\"target\":[\"https:\\\/\\\/fill-package.com\\\/chips-packaging-machine\\\/\"]}]},{\"@type\":\"BreadcrumbList\",\"@id\":\"https:\\\/\\\/fill-package.com\\\/chips-packaging-machine\\\/#breadcrumb\",\"itemListElement\":[{\"@type\":\"ListItem\",\"position\":1,\"name\":\"Home\",\"item\":\"https:\\\/\\\/fill-package.com\\\/\"},{\"@type\":\"ListItem\",\"position\":2,\"name\":\"Chips Packaging Machine\"}]},{\"@type\":\"WebSite\",\"@id\":\"https:\\\/\\\/fill-package.com\\\/#website\",\"url\":\"https:\\\/\\\/fill-package.com\\\/\",\"name\":\"Fill&amp;Package\",\"description\":\"\",\"potentialAction\":[{\"@type\":\"SearchAction\",\"target\":{\"@type\":\"EntryPoint\",\"urlTemplate\":\"https:\\\/\\\/fill-package.com\\\/?s={search_term_string}\"},\"query-input\":{\"@type\":\"PropertyValueSpecification\",\"valueRequired\":true,\"valueName\":\"search_term_string\"}}],\"inLanguage\":\"es\"}]}<\/script>\n<!-- \/ Yoast SEO plugin. -->","yoast_head_json":{"title":"M\u00e1quina envasadora de patatas fritas | Aumente la eficiencia y mantenga las patatas frescas","description":"Descubra c\u00f3mo elegir la m\u00e1quina envasadora de papas fritas adecuada para reducir las roturas, prolongar la vida \u00fatil y aumentar la producci\u00f3n. Desde sistemas VFFS hasta transportadores inteligentes, le ayudamos a envasar papas fritas de forma inteligente.","robots":{"index":"index","follow":"follow","max-snippet":"max-snippet:-1","max-image-preview":"max-image-preview:large","max-video-preview":"max-video-preview:-1"},"canonical":"https:\/\/fill-package.com\/es\/maquina-envasadora-de-patatas-fritas\/","og_locale":"es_ES","og_type":"article","og_title":"Potato Chips Packaging Machine | Boost Efficiency & Keep Chips Fresh","og_description":"Discover how to choose the right potato chips packing machine to reduce breakage, extend shelf life, and boost production. From VFFS systems to smart conveyors\u2014we help you package chips the smart way.","og_url":"https:\/\/fill-package.com\/es\/maquina-envasadora-de-patatas-fritas\/","og_site_name":"Fill&amp;Package","article_modified_time":"2025-06-28T15:42:29+00:00","twitter_card":"summary_large_image","schema":{"@context":"https:\/\/schema.org","@graph":[{"@type":"WebPage","@id":"https:\/\/fill-package.com\/chips-packaging-machine\/","url":"https:\/\/fill-package.com\/chips-packaging-machine\/","name":"M\u00e1quina envasadora de patatas fritas | Aumente la eficiencia y mantenga las patatas frescas","isPartOf":{"@id":"https:\/\/fill-package.com\/#website"},"datePublished":"2025-05-27T03:14:03+00:00","dateModified":"2025-06-28T15:42:29+00:00","description":"Descubra c\u00f3mo elegir la m\u00e1quina envasadora de papas fritas adecuada para reducir las roturas, prolongar la vida \u00fatil y aumentar la producci\u00f3n. Desde sistemas VFFS hasta transportadores inteligentes, le ayudamos a envasar papas fritas de forma inteligente.","breadcrumb":{"@id":"https:\/\/fill-package.com\/chips-packaging-machine\/#breadcrumb"},"inLanguage":"es","potentialAction":[{"@type":"ReadAction","target":["https:\/\/fill-package.com\/chips-packaging-machine\/"]}]},{"@type":"BreadcrumbList","@id":"https:\/\/fill-package.com\/chips-packaging-machine\/#breadcrumb","itemListElement":[{"@type":"ListItem","position":1,"name":"Home","item":"https:\/\/fill-package.com\/"},{"@type":"ListItem","position":2,"name":"Chips Packaging Machine"}]},{"@type":"WebSite","@id":"https:\/\/fill-package.com\/#website","url":"https:\/\/fill-package.com\/","name":"Llenar y empaquetar","description":"","potentialAction":[{"@type":"SearchAction","target":{"@type":"EntryPoint","urlTemplate":"https:\/\/fill-package.com\/?s={search_term_string}"},"query-input":{"@type":"PropertyValueSpecification","valueRequired":true,"valueName":"search_term_string"}}],"inLanguage":"es"}]}},"_links":{"self":[{"href":"https:\/\/fill-package.com\/es\/wp-json\/wp\/v2\/pages\/8920","targetHints":{"allow":["GET"]}}],"collection":[{"href":"https:\/\/fill-package.com\/es\/wp-json\/wp\/v2\/pages"}],"about":[{"href":"https:\/\/fill-package.com\/es\/wp-json\/wp\/v2\/types\/page"}],"author":[{"embeddable":true,"href":"https:\/\/fill-package.com\/es\/wp-json\/wp\/v2\/users\/1"}],"replies":[{"embeddable":true,"href":"https:\/\/fill-package.com\/es\/wp-json\/wp\/v2\/comments?post=8920"}],"version-history":[{"count":7,"href":"https:\/\/fill-package.com\/es\/wp-json\/wp\/v2\/pages\/8920\/revisions"}],"predecessor-version":[{"id":9110,"href":"https:\/\/fill-package.com\/es\/wp-json\/wp\/v2\/pages\/8920\/revisions\/9110"}],"wp:attachment":[{"href":"https:\/\/fill-package.com\/es\/wp-json\/wp\/v2\/media?parent=8920"}],"curies":[{"name":"wp","href":"https:\/\/api.w.org\/{rel}","templated":true}]}}