{"id":10979,"date":"2025-11-15T13:13:55","date_gmt":"2025-11-15T13:13:55","guid":{"rendered":"https:\/\/fill-package.com\/?page_id=10979"},"modified":"2025-12-17T03:06:17","modified_gmt":"2025-12-17T03:06:17","slug":"rodamiento-rigido-de-bolas","status":"publish","type":"page","link":"https:\/\/fill-package.com\/es\/deep-groove-ball-bearing","title":{"rendered":"Rodamiento r\u00edgido de bolas"},"content":{"rendered":"","protected":false},"excerpt":{"rendered":"","protected":false},"author":1,"featured_media":0,"parent":0,"menu_order":0,"comment_status":"closed","ping_status":"closed","template":"product-category3.php","meta":{"site-sidebar-layout":"default","site-content-layout":"page-builder","ast-site-content-layout":"full-width-container","site-content-style":"unboxed","site-sidebar-style":"unboxed","ast-global-header-display":"","ast-banner-title-visibility":"","ast-main-header-display":"","ast-hfb-above-header-display":"","ast-hfb-below-header-display":"","ast-hfb-mobile-header-display":"","site-post-title":"","ast-breadcrumbs-content":"disabled","ast-featured-img":"","footer-sml-layout":"","ast-disable-related-posts":"","theme-transparent-header-meta":"default","adv-header-id-meta":"","stick-header-meta":"default","header-above-stick-meta":"","header-main-stick-meta":"","header-below-stick-meta":"","astra-migrate-meta-layouts":"set","ast-page-background-enabled":"default","ast-page-background-meta":{"desktop":{"background-color":"","background-image":"","background-repeat":"repeat","background-position":"center center","background-size":"auto","background-attachment":"scroll","background-type":"","background-media":"","overlay-type":"","overlay-color":"","overlay-opacity":"","overlay-gradient":""},"tablet":{"background-color":"","background-image":"","background-repeat":"repeat","background-position":"center center","background-size":"auto","background-attachment":"scroll","background-type":"","background-media":"","overlay-type":"","overlay-color":"","overlay-opacity":"","overlay-gradient":""},"mobile":{"background-color":"","background-image":"","background-repeat":"repeat","background-position":"center center","background-size":"auto","background-attachment":"scroll","background-type":"","background-media":"","overlay-type":"","overlay-color":"","overlay-opacity":"","overlay-gradient":""}},"ast-content-background-meta":{"desktop":{"background-color":"var(--ast-global-color-5)","background-image":"","background-repeat":"repeat","background-position":"center center","background-size":"auto","background-attachment":"scroll","background-type":"","background-media":"","overlay-type":"","overlay-color":"","overlay-opacity":"","overlay-gradient":""},"tablet":{"background-color":"var(--ast-global-color-5)","background-image":"","background-repeat":"repeat","background-position":"center center","background-size":"auto","background-attachment":"scroll","background-type":"","background-media":"","overlay-type":"","overlay-color":"","overlay-opacity":"","overlay-gradient":""},"mobile":{"background-color":"var(--ast-global-color-5)","background-image":"","background-repeat":"repeat","background-position":"center center","background-size":"auto","background-attachment":"scroll","background-type":"","background-media":"","overlay-type":"","overlay-color":"","overlay-opacity":"","overlay-gradient":""}},"footnotes":""},"class_list":["post-10979","page","type-page","status-publish","hentry"],"acf":[],"yoast_head":"<!-- This site is optimized with the Yoast SEO plugin v27.3 - https:\/\/yoast.com\/product\/yoast-seo-wordpress\/ -->\n<title>Deep Groove Ball Bearing vs Ball Bearing | 6000 Series Guide<\/title>\n<meta name=\"description\" content=\"Explore the difference: deep groove ball bearings vs. ball bearings. Our 6000 series guide covers ball bearing types (2RS, ZZ), applications, and a full-size chart.\" \/>\n<meta name=\"robots\" content=\"index, follow, max-snippet:-1, max-image-preview:large, max-video-preview:-1\" \/>\n<link rel=\"canonical\" href=\"https:\/\/fill-package.com\/es\/rodamiento-rigido-de-bolas\/\" \/>\n<meta property=\"og:locale\" content=\"es_ES\" \/>\n<meta property=\"og:type\" content=\"article\" \/>\n<meta property=\"og:title\" content=\"Deep Groove Ball Bearing vs Ball Bearing | 6000 Series Guide\" \/>\n<meta property=\"og:description\" content=\"Explore the difference: deep groove ball bearings vs. ball bearings. Our 6000 series guide covers ball bearing types (2RS, ZZ), applications, and a full-size chart.\" \/>\n<meta property=\"og:url\" content=\"https:\/\/fill-package.com\/es\/rodamiento-rigido-de-bolas\/\" \/>\n<meta property=\"og:site_name\" content=\"Fill&amp;Package\" \/>\n<meta property=\"article:modified_time\" content=\"2025-12-17T03:06:17+00:00\" \/>\n<meta name=\"twitter:card\" content=\"summary_large_image\" \/>\n<script type=\"application\/ld+json\" class=\"yoast-schema-graph\">{\"@context\":\"https:\\\/\\\/schema.org\",\"@graph\":[{\"@type\":\"WebPage\",\"@id\":\"https:\\\/\\\/fill-package.com\\\/deep-groove-ball-bearing\\\/\",\"url\":\"https:\\\/\\\/fill-package.com\\\/deep-groove-ball-bearing\\\/\",\"name\":\"Deep Groove Ball Bearing vs Ball Bearing | 6000 Series Guide\",\"isPartOf\":{\"@id\":\"https:\\\/\\\/fill-package.com\\\/#website\"},\"datePublished\":\"2025-11-15T13:13:55+00:00\",\"dateModified\":\"2025-12-17T03:06:17+00:00\",\"description\":\"Explore the difference: deep groove ball bearings vs. ball bearings. Our 6000 series guide covers ball bearing types (2RS, ZZ), applications, and a full-size chart.\",\"breadcrumb\":{\"@id\":\"https:\\\/\\\/fill-package.com\\\/deep-groove-ball-bearing\\\/#breadcrumb\"},\"inLanguage\":\"es\",\"potentialAction\":[{\"@type\":\"ReadAction\",\"target\":[\"https:\\\/\\\/fill-package.com\\\/deep-groove-ball-bearing\\\/\"]}]},{\"@type\":\"BreadcrumbList\",\"@id\":\"https:\\\/\\\/fill-package.com\\\/deep-groove-ball-bearing\\\/#breadcrumb\",\"itemListElement\":[{\"@type\":\"ListItem\",\"position\":1,\"name\":\"Home\",\"item\":\"https:\\\/\\\/fill-package.com\\\/\"},{\"@type\":\"ListItem\",\"position\":2,\"name\":\"Deep Groove Ball Bearing\"}]},{\"@type\":\"WebSite\",\"@id\":\"https:\\\/\\\/fill-package.com\\\/#website\",\"url\":\"https:\\\/\\\/fill-package.com\\\/\",\"name\":\"Fill&amp;Package\",\"description\":\"\",\"potentialAction\":[{\"@type\":\"SearchAction\",\"target\":{\"@type\":\"EntryPoint\",\"urlTemplate\":\"https:\\\/\\\/fill-package.com\\\/?s={search_term_string}\"},\"query-input\":{\"@type\":\"PropertyValueSpecification\",\"valueRequired\":true,\"valueName\":\"search_term_string\"}}],\"inLanguage\":\"es\"}]}<\/script>\n<!-- \/ Yoast SEO plugin. -->","yoast_head_json":{"title":"Rodamiento r\u00edgido de bolas vs. rodamiento de bolas | Gu\u00eda de la serie 6000","description":"Explore la diferencia: rodamientos r\u00edgidos de bolas vs. rodamientos de bolas. Nuestra gu\u00eda de la serie 6000 abarca los tipos de rodamientos de bolas (2RS, ZZ), sus aplicaciones y una tabla de tama\u00f1os completa.","robots":{"index":"index","follow":"follow","max-snippet":"max-snippet:-1","max-image-preview":"max-image-preview:large","max-video-preview":"max-video-preview:-1"},"canonical":"https:\/\/fill-package.com\/es\/rodamiento-rigido-de-bolas\/","og_locale":"es_ES","og_type":"article","og_title":"Deep Groove Ball Bearing vs Ball Bearing | 6000 Series Guide","og_description":"Explore the difference: deep groove ball bearings vs. ball bearings. Our 6000 series guide covers ball bearing types (2RS, ZZ), applications, and a full-size chart.","og_url":"https:\/\/fill-package.com\/es\/rodamiento-rigido-de-bolas\/","og_site_name":"Fill&amp;Package","article_modified_time":"2025-12-17T03:06:17+00:00","twitter_card":"summary_large_image","schema":{"@context":"https:\/\/schema.org","@graph":[{"@type":"WebPage","@id":"https:\/\/fill-package.com\/deep-groove-ball-bearing\/","url":"https:\/\/fill-package.com\/deep-groove-ball-bearing\/","name":"Rodamiento r\u00edgido de bolas vs. rodamiento de bolas | Gu\u00eda de la serie 6000","isPartOf":{"@id":"https:\/\/fill-package.com\/#website"},"datePublished":"2025-11-15T13:13:55+00:00","dateModified":"2025-12-17T03:06:17+00:00","description":"Explore la diferencia: rodamientos r\u00edgidos de bolas vs. rodamientos de bolas. Nuestra gu\u00eda de la serie 6000 abarca los tipos de rodamientos de bolas (2RS, ZZ), sus aplicaciones y una tabla de tama\u00f1os completa.","breadcrumb":{"@id":"https:\/\/fill-package.com\/deep-groove-ball-bearing\/#breadcrumb"},"inLanguage":"es","potentialAction":[{"@type":"ReadAction","target":["https:\/\/fill-package.com\/deep-groove-ball-bearing\/"]}]},{"@type":"BreadcrumbList","@id":"https:\/\/fill-package.com\/deep-groove-ball-bearing\/#breadcrumb","itemListElement":[{"@type":"ListItem","position":1,"name":"Home","item":"https:\/\/fill-package.com\/"},{"@type":"ListItem","position":2,"name":"Deep Groove Ball Bearing"}]},{"@type":"WebSite","@id":"https:\/\/fill-package.com\/#website","url":"https:\/\/fill-package.com\/","name":"Llenar y empaquetar","description":"","potentialAction":[{"@type":"SearchAction","target":{"@type":"EntryPoint","urlTemplate":"https:\/\/fill-package.com\/?s={search_term_string}"},"query-input":{"@type":"PropertyValueSpecification","valueRequired":true,"valueName":"search_term_string"}}],"inLanguage":"es"}]}},"_links":{"self":[{"href":"https:\/\/fill-package.com\/es\/wp-json\/wp\/v2\/pages\/10979","targetHints":{"allow":["GET"]}}],"collection":[{"href":"https:\/\/fill-package.com\/es\/wp-json\/wp\/v2\/pages"}],"about":[{"href":"https:\/\/fill-package.com\/es\/wp-json\/wp\/v2\/types\/page"}],"author":[{"embeddable":true,"href":"https:\/\/fill-package.com\/es\/wp-json\/wp\/v2\/users\/1"}],"replies":[{"embeddable":true,"href":"https:\/\/fill-package.com\/es\/wp-json\/wp\/v2\/comments?post=10979"}],"version-history":[{"count":13,"href":"https:\/\/fill-package.com\/es\/wp-json\/wp\/v2\/pages\/10979\/revisions"}],"predecessor-version":[{"id":11779,"href":"https:\/\/fill-package.com\/es\/wp-json\/wp\/v2\/pages\/10979\/revisions\/11779"}],"wp:attachment":[{"href":"https:\/\/fill-package.com\/es\/wp-json\/wp\/v2\/media?parent=10979"}],"curies":[{"name":"wp","href":"https:\/\/api.w.org\/{rel}","templated":true}]}}