{"id":10907,"date":"2025-11-13T07:09:41","date_gmt":"2025-11-13T07:09:41","guid":{"rendered":"https:\/\/fill-package.com\/?page_id=10907"},"modified":"2025-11-13T08:35:34","modified_gmt":"2025-11-13T08:35:34","slug":"asas-de-bola","status":"publish","type":"page","link":"https:\/\/fill-package.com\/es\/ball-handles","title":{"rendered":"Mangos de bola"},"content":{"rendered":"","protected":false},"excerpt":{"rendered":"","protected":false},"author":1,"featured_media":0,"parent":0,"menu_order":0,"comment_status":"closed","ping_status":"closed","template":"product-category3.php","meta":{"site-sidebar-layout":"default","site-content-layout":"page-builder","ast-site-content-layout":"full-width-container","site-content-style":"unboxed","site-sidebar-style":"unboxed","ast-global-header-display":"","ast-banner-title-visibility":"","ast-main-header-display":"","ast-hfb-above-header-display":"","ast-hfb-below-header-display":"","ast-hfb-mobile-header-display":"","site-post-title":"","ast-breadcrumbs-content":"disabled","ast-featured-img":"","footer-sml-layout":"","ast-disable-related-posts":"","theme-transparent-header-meta":"default","adv-header-id-meta":"","stick-header-meta":"default","header-above-stick-meta":"","header-main-stick-meta":"","header-below-stick-meta":"","astra-migrate-meta-layouts":"set","ast-page-background-enabled":"default","ast-page-background-meta":{"desktop":{"background-color":"","background-image":"","background-repeat":"repeat","background-position":"center center","background-size":"auto","background-attachment":"scroll","background-type":"","background-media":"","overlay-type":"","overlay-color":"","overlay-opacity":"","overlay-gradient":""},"tablet":{"background-color":"","background-image":"","background-repeat":"repeat","background-position":"center center","background-size":"auto","background-attachment":"scroll","background-type":"","background-media":"","overlay-type":"","overlay-color":"","overlay-opacity":"","overlay-gradient":""},"mobile":{"background-color":"","background-image":"","background-repeat":"repeat","background-position":"center center","background-size":"auto","background-attachment":"scroll","background-type":"","background-media":"","overlay-type":"","overlay-color":"","overlay-opacity":"","overlay-gradient":""}},"ast-content-background-meta":{"desktop":{"background-color":"var(--ast-global-color-5)","background-image":"","background-repeat":"repeat","background-position":"center center","background-size":"auto","background-attachment":"scroll","background-type":"","background-media":"","overlay-type":"","overlay-color":"","overlay-opacity":"","overlay-gradient":""},"tablet":{"background-color":"var(--ast-global-color-5)","background-image":"","background-repeat":"repeat","background-position":"center center","background-size":"auto","background-attachment":"scroll","background-type":"","background-media":"","overlay-type":"","overlay-color":"","overlay-opacity":"","overlay-gradient":""},"mobile":{"background-color":"var(--ast-global-color-5)","background-image":"","background-repeat":"repeat","background-position":"center center","background-size":"auto","background-attachment":"scroll","background-type":"","background-media":"","overlay-type":"","overlay-color":"","overlay-opacity":"","overlay-gradient":""}},"footnotes":""},"class_list":["post-10907","page","type-page","status-publish","hentry"],"acf":[],"yoast_head":"<!-- This site is optimized with the Yoast SEO plugin v27.3 - https:\/\/yoast.com\/product\/yoast-seo-wordpress\/ -->\n<title>Industrial Ball Handles &amp; Ball Head Handles | Custom &amp; Standard Sizes<\/title>\n<meta name=\"description\" content=\"Manufacturer of high-quality industrial ball handles. We offer over 100 standard sizes (M4-M12) and full customization on ball head handles, screw handles, and threaded handles. Ideal for machinery levers, jigs, and fixtures. Get a quote!\" \/>\n<meta name=\"robots\" content=\"index, follow, max-snippet:-1, max-image-preview:large, max-video-preview:-1\" \/>\n<link rel=\"canonical\" href=\"https:\/\/fill-package.com\/es\/asas-de-bola\/\" \/>\n<meta property=\"og:locale\" content=\"es_ES\" \/>\n<meta property=\"og:type\" content=\"article\" \/>\n<meta property=\"og:title\" content=\"Industrial Ball Handles &amp; Ball Head Handles | Custom &amp; Standard Sizes\" \/>\n<meta property=\"og:description\" content=\"Manufacturer of high-quality industrial ball handles. We offer over 100 standard sizes (M4-M12) and full customization on ball head handles, screw handles, and threaded handles. Ideal for machinery levers, jigs, and fixtures. Get a quote!\" \/>\n<meta property=\"og:url\" content=\"https:\/\/fill-package.com\/es\/asas-de-bola\/\" \/>\n<meta property=\"og:site_name\" content=\"Fill&amp;Package\" \/>\n<meta property=\"article:modified_time\" content=\"2025-11-13T08:35:34+00:00\" \/>\n<meta name=\"twitter:card\" content=\"summary_large_image\" \/>\n<script type=\"application\/ld+json\" class=\"yoast-schema-graph\">{\"@context\":\"https:\\\/\\\/schema.org\",\"@graph\":[{\"@type\":\"WebPage\",\"@id\":\"https:\\\/\\\/fill-package.com\\\/ball-handles\\\/\",\"url\":\"https:\\\/\\\/fill-package.com\\\/ball-handles\\\/\",\"name\":\"Industrial Ball Handles & Ball Head Handles | Custom & Standard Sizes\",\"isPartOf\":{\"@id\":\"https:\\\/\\\/fill-package.com\\\/#website\"},\"datePublished\":\"2025-11-13T07:09:41+00:00\",\"dateModified\":\"2025-11-13T08:35:34+00:00\",\"description\":\"Manufacturer of high-quality industrial ball handles. We offer over 100 standard sizes (M4-M12) and full customization on ball head handles, screw handles, and threaded handles. Ideal for machinery levers, jigs, and fixtures. Get a quote!\",\"breadcrumb\":{\"@id\":\"https:\\\/\\\/fill-package.com\\\/ball-handles\\\/#breadcrumb\"},\"inLanguage\":\"es\",\"potentialAction\":[{\"@type\":\"ReadAction\",\"target\":[\"https:\\\/\\\/fill-package.com\\\/ball-handles\\\/\"]}]},{\"@type\":\"BreadcrumbList\",\"@id\":\"https:\\\/\\\/fill-package.com\\\/ball-handles\\\/#breadcrumb\",\"itemListElement\":[{\"@type\":\"ListItem\",\"position\":1,\"name\":\"Home\",\"item\":\"https:\\\/\\\/fill-package.com\\\/\"},{\"@type\":\"ListItem\",\"position\":2,\"name\":\"Ball Handles\"}]},{\"@type\":\"WebSite\",\"@id\":\"https:\\\/\\\/fill-package.com\\\/#website\",\"url\":\"https:\\\/\\\/fill-package.com\\\/\",\"name\":\"Fill&amp;Package\",\"description\":\"\",\"potentialAction\":[{\"@type\":\"SearchAction\",\"target\":{\"@type\":\"EntryPoint\",\"urlTemplate\":\"https:\\\/\\\/fill-package.com\\\/?s={search_term_string}\"},\"query-input\":{\"@type\":\"PropertyValueSpecification\",\"valueRequired\":true,\"valueName\":\"search_term_string\"}}],\"inLanguage\":\"es\"}]}<\/script>\n<!-- \/ Yoast SEO plugin. -->","yoast_head_json":{"title":"Mangos de bola industriales y mangos con cabeza de bola | Tama\u00f1os est\u00e1ndar y personalizados","description":"Fabricante de manijas esf\u00e9ricas industriales de alta calidad. Ofrecemos m\u00e1s de 100 tama\u00f1os est\u00e1ndar (M4-M12) y personalizaci\u00f3n completa en manijas esf\u00e9ricas, de tornillo y roscadas. Ideales para palancas de maquinaria, plantillas y utillajes. \u00a1Solicite un presupuesto!","robots":{"index":"index","follow":"follow","max-snippet":"max-snippet:-1","max-image-preview":"max-image-preview:large","max-video-preview":"max-video-preview:-1"},"canonical":"https:\/\/fill-package.com\/es\/asas-de-bola\/","og_locale":"es_ES","og_type":"article","og_title":"Industrial Ball Handles & Ball Head Handles | Custom & Standard Sizes","og_description":"Manufacturer of high-quality industrial ball handles. We offer over 100 standard sizes (M4-M12) and full customization on ball head handles, screw handles, and threaded handles. Ideal for machinery levers, jigs, and fixtures. Get a quote!","og_url":"https:\/\/fill-package.com\/es\/asas-de-bola\/","og_site_name":"Fill&amp;Package","article_modified_time":"2025-11-13T08:35:34+00:00","twitter_card":"summary_large_image","schema":{"@context":"https:\/\/schema.org","@graph":[{"@type":"WebPage","@id":"https:\/\/fill-package.com\/ball-handles\/","url":"https:\/\/fill-package.com\/ball-handles\/","name":"Mangos de bola industriales y mangos con cabeza de bola | Tama\u00f1os est\u00e1ndar y personalizados","isPartOf":{"@id":"https:\/\/fill-package.com\/#website"},"datePublished":"2025-11-13T07:09:41+00:00","dateModified":"2025-11-13T08:35:34+00:00","description":"Fabricante de manijas esf\u00e9ricas industriales de alta calidad. Ofrecemos m\u00e1s de 100 tama\u00f1os est\u00e1ndar (M4-M12) y personalizaci\u00f3n completa en manijas esf\u00e9ricas, de tornillo y roscadas. Ideales para palancas de maquinaria, plantillas y utillajes. \u00a1Solicite un presupuesto!","breadcrumb":{"@id":"https:\/\/fill-package.com\/ball-handles\/#breadcrumb"},"inLanguage":"es","potentialAction":[{"@type":"ReadAction","target":["https:\/\/fill-package.com\/ball-handles\/"]}]},{"@type":"BreadcrumbList","@id":"https:\/\/fill-package.com\/ball-handles\/#breadcrumb","itemListElement":[{"@type":"ListItem","position":1,"name":"Home","item":"https:\/\/fill-package.com\/"},{"@type":"ListItem","position":2,"name":"Ball Handles"}]},{"@type":"WebSite","@id":"https:\/\/fill-package.com\/#website","url":"https:\/\/fill-package.com\/","name":"Llenar y empaquetar","description":"","potentialAction":[{"@type":"SearchAction","target":{"@type":"EntryPoint","urlTemplate":"https:\/\/fill-package.com\/?s={search_term_string}"},"query-input":{"@type":"PropertyValueSpecification","valueRequired":true,"valueName":"search_term_string"}}],"inLanguage":"es"}]}},"_links":{"self":[{"href":"https:\/\/fill-package.com\/es\/wp-json\/wp\/v2\/pages\/10907","targetHints":{"allow":["GET"]}}],"collection":[{"href":"https:\/\/fill-package.com\/es\/wp-json\/wp\/v2\/pages"}],"about":[{"href":"https:\/\/fill-package.com\/es\/wp-json\/wp\/v2\/types\/page"}],"author":[{"embeddable":true,"href":"https:\/\/fill-package.com\/es\/wp-json\/wp\/v2\/users\/1"}],"replies":[{"embeddable":true,"href":"https:\/\/fill-package.com\/es\/wp-json\/wp\/v2\/comments?post=10907"}],"version-history":[{"count":4,"href":"https:\/\/fill-package.com\/es\/wp-json\/wp\/v2\/pages\/10907\/revisions"}],"predecessor-version":[{"id":10919,"href":"https:\/\/fill-package.com\/es\/wp-json\/wp\/v2\/pages\/10907\/revisions\/10919"}],"wp:attachment":[{"href":"https:\/\/fill-package.com\/es\/wp-json\/wp\/v2\/media?parent=10907"}],"curies":[{"name":"wp","href":"https:\/\/api.w.org\/{rel}","templated":true}]}}